{"id":9892,"date":"2025-03-12T20:51:23","date_gmt":"2025-03-12T18:51:23","guid":{"rendered":"https:\/\/www.kanoko.se\/?post_type=product&#038;p=9892"},"modified":"2025-03-12T20:54:31","modified_gmt":"2025-03-12T18:54:31","slug":"maru-obi-06","status":"publish","type":"product","link":"https:\/\/www.kanoko.se\/index.php\/product\/maru-obi-06\/","title":{"rendered":"Maru Obi (06)"},"content":{"rendered":"<p><strong>\u00c5lder:<\/strong> Ungef\u00e4r 80~90 \u00e5r.Antik<br \/>\n<strong>Material:<\/strong> Siden och metall liknande tr\u00e5d.<br \/>\n<strong>Teknik:<\/strong> Med broderi liknande v\u00e4vda m\u00f6nster .<\/p>\n<p>M\u00f6nstret g\u00e5r genom b\u00e4ltet p\u00e5 b\u00e5da sidor, som \u00e4r v\u00e4ndbart.<\/p>\n<p>Motiv med tranor och blommor<\/p>\n<p><strong>Skick<\/strong>: Begagnad. Mycket bra med tanke p\u00e5 att den \u00e4r antik.<\/p>\n<p>388 cm x 32 cm<\/p>\n","protected":false},"excerpt":{"rendered":"<p>Priset: inklusive moms inom Sverige.<\/p>\n<p>Fri frakt inom Sverige vid k\u00f6p \u00f6ver \u00a01 500 kr<\/p>\n<p>inom Europa vid k\u00f6p \u00f6ver 2500kr (ca,250 euro).For free shipping please contact us before paying for the items.<\/p>\n","protected":false},"featured_media":9893,"comment_status":"open","ping_status":"closed","template":"","meta":[],"product_brand":[],"product_cat":[108],"product_tag":[],"class_list":{"0":"post-9892","1":"product","2":"type-product","3":"status-publish","4":"has-post-thumbnail","6":"product_cat-maru-obi","7":"has_thumb","9":"first","10":"instock","11":"shipping-taxable","12":"purchasable","13":"product-type-simple"},"_links":{"self":[{"href":"https:\/\/www.kanoko.se\/index.php\/wp-json\/wp\/v2\/product\/9892","targetHints":{"allow":["GET"]}}],"collection":[{"href":"https:\/\/www.kanoko.se\/index.php\/wp-json\/wp\/v2\/product"}],"about":[{"href":"https:\/\/www.kanoko.se\/index.php\/wp-json\/wp\/v2\/types\/product"}],"replies":[{"embeddable":true,"href":"https:\/\/www.kanoko.se\/index.php\/wp-json\/wp\/v2\/comments?post=9892"}],"wp:featuredmedia":[{"embeddable":true,"href":"https:\/\/www.kanoko.se\/index.php\/wp-json\/wp\/v2\/media\/9893"}],"wp:attachment":[{"href":"https:\/\/www.kanoko.se\/index.php\/wp-json\/wp\/v2\/media?parent=9892"}],"wp:term":[{"taxonomy":"product_brand","embeddable":true,"href":"https:\/\/www.kanoko.se\/index.php\/wp-json\/wp\/v2\/product_brand?post=9892"},{"taxonomy":"product_cat","embeddable":true,"href":"https:\/\/www.kanoko.se\/index.php\/wp-json\/wp\/v2\/product_cat?post=9892"},{"taxonomy":"product_tag","embeddable":true,"href":"https:\/\/www.kanoko.se\/index.php\/wp-json\/wp\/v2\/product_tag?post=9892"}],"curies":[{"name":"wp","href":"https:\/\/api.w.org\/{rel}","templated":true}]}}