{"id":9822,"date":"2025-03-10T21:28:14","date_gmt":"2025-03-10T19:28:14","guid":{"rendered":"https:\/\/www.kanoko.se\/?post_type=product&#038;p=9822"},"modified":"2025-08-20T21:53:48","modified_gmt":"2025-08-20T19:53:48","slug":"komon-50","status":"publish","type":"product","link":"https:\/\/www.kanoko.se\/index.php\/product\/komon-50\/","title":{"rendered":"Komon (50)"},"content":{"rendered":"<p><strong>Komon<\/strong><\/p>\n<p><strong>\u00c5lder<\/strong>: Ungef\u00e4r 40 \u00e5r.<br \/>\n<strong>Teknik<\/strong>:F\u00e4rgad.Handsydd och fodrad.<\/p>\n<p><strong>Material<\/strong>\u00a0:Siden 100%: (Chirimen silk,Cr\u00eape textil med twistade garnet)<br \/>\n<strong>Skick:<\/strong> Begagnad. Mycket bra,n\u00e4stan som oanv\u00e4nt.<\/p>\n<p><strong>M\u00e5tten<\/strong>: Bild 14<\/p>\n<p>*De flesta japanska kvinnas kimono \u00e4r ganska l\u00e5nga f\u00f6r att mitten av kimono vikas in inne i Obi-b\u00e4lte.<\/p>\n","protected":false},"excerpt":{"rendered":"<p>Priset: inklusive moms inom Sverige.<\/p>\n<p>Fri frakt inom Sverige vid k\u00f6p \u00f6ver \u00a01 500 kr<\/p>\n<p>inom Europa vid k\u00f6p \u00f6ver 2500kr (ca,250 euro).For free shipping please contact us before paying for the items.<\/p>\n","protected":false},"featured_media":9933,"comment_status":"open","ping_status":"closed","template":"","meta":[],"product_brand":[],"product_cat":[104],"product_tag":[],"class_list":{"0":"post-9822","1":"product","2":"type-product","3":"status-publish","4":"has-post-thumbnail","6":"product_cat-komon","7":"has_thumb","9":"first","10":"instock","11":"shipping-taxable","12":"purchasable","13":"product-type-simple"},"_links":{"self":[{"href":"https:\/\/www.kanoko.se\/index.php\/wp-json\/wp\/v2\/product\/9822","targetHints":{"allow":["GET"]}}],"collection":[{"href":"https:\/\/www.kanoko.se\/index.php\/wp-json\/wp\/v2\/product"}],"about":[{"href":"https:\/\/www.kanoko.se\/index.php\/wp-json\/wp\/v2\/types\/product"}],"replies":[{"embeddable":true,"href":"https:\/\/www.kanoko.se\/index.php\/wp-json\/wp\/v2\/comments?post=9822"}],"wp:featuredmedia":[{"embeddable":true,"href":"https:\/\/www.kanoko.se\/index.php\/wp-json\/wp\/v2\/media\/9933"}],"wp:attachment":[{"href":"https:\/\/www.kanoko.se\/index.php\/wp-json\/wp\/v2\/media?parent=9822"}],"wp:term":[{"taxonomy":"product_brand","embeddable":true,"href":"https:\/\/www.kanoko.se\/index.php\/wp-json\/wp\/v2\/product_brand?post=9822"},{"taxonomy":"product_cat","embeddable":true,"href":"https:\/\/www.kanoko.se\/index.php\/wp-json\/wp\/v2\/product_cat?post=9822"},{"taxonomy":"product_tag","embeddable":true,"href":"https:\/\/www.kanoko.se\/index.php\/wp-json\/wp\/v2\/product_tag?post=9822"}],"curies":[{"name":"wp","href":"https:\/\/api.w.org\/{rel}","templated":true}]}}