{"id":9792,"date":"2025-03-05T21:41:50","date_gmt":"2025-03-05T19:41:50","guid":{"rendered":"https:\/\/www.kanoko.se\/?post_type=product&#038;p=9792"},"modified":"2026-03-06T10:37:06","modified_gmt":"2026-03-06T08:37:06","slug":"haori-27-2","status":"publish","type":"product","link":"https:\/\/www.kanoko.se\/index.php\/product\/haori-27-2\/","title":{"rendered":"Haori (27)"},"content":{"rendered":"<p><strong>\u00c5lder:<\/strong>\u00a0Ungef\u00e4r \u00a050 \u00e5r<br \/>\nHandsydd och fodrad.<\/p>\n<p>Roketsu vaxbatik f\u00e4rgning.<\/p>\n<p><strong>Material<\/strong>:Siden 100% .(Chirimen silk,Cr\u00eape textil med twistade garnet,h\u00f6g kvalitet)<br \/>\n<strong>Skick:<\/strong> Begagnad. Mycket bra\u00a0f\u00f6r \u00e5ldern.N\u00e5gra ljusa vattenfl\u00e4ckar i innetyget.(bild 7)<\/p>\n<p><strong>M\u00e5tten<\/strong>: Bild 8<\/p>\n","protected":false},"excerpt":{"rendered":"<p><strong>Priset:<\/strong> inklusive moms inom Sverige.<\/p>\n<p><strong>Fri frakt<\/strong> inom Sverige vid k\u00f6p \u00f6ver \u00a01 500 kr<\/p>\n<p>inom Europa vid k\u00f6p \u00f6ver 2500kr (ca,250 euro).For free shipping please contact us before paying for the items.<\/p>\n","protected":false},"featured_media":9793,"comment_status":"open","ping_status":"closed","template":"","meta":[],"product_brand":[],"product_cat":[43,105],"product_tag":[],"class_list":{"0":"post-9792","1":"product","2":"type-product","3":"status-publish","4":"has-post-thumbnail","6":"product_cat-haori","7":"product_cat-kvinnor","8":"has_thumb","10":"first","11":"instock","12":"shipping-taxable","13":"purchasable","14":"product-type-simple"},"_links":{"self":[{"href":"https:\/\/www.kanoko.se\/index.php\/wp-json\/wp\/v2\/product\/9792","targetHints":{"allow":["GET"]}}],"collection":[{"href":"https:\/\/www.kanoko.se\/index.php\/wp-json\/wp\/v2\/product"}],"about":[{"href":"https:\/\/www.kanoko.se\/index.php\/wp-json\/wp\/v2\/types\/product"}],"replies":[{"embeddable":true,"href":"https:\/\/www.kanoko.se\/index.php\/wp-json\/wp\/v2\/comments?post=9792"}],"wp:featuredmedia":[{"embeddable":true,"href":"https:\/\/www.kanoko.se\/index.php\/wp-json\/wp\/v2\/media\/9793"}],"wp:attachment":[{"href":"https:\/\/www.kanoko.se\/index.php\/wp-json\/wp\/v2\/media?parent=9792"}],"wp:term":[{"taxonomy":"product_brand","embeddable":true,"href":"https:\/\/www.kanoko.se\/index.php\/wp-json\/wp\/v2\/product_brand?post=9792"},{"taxonomy":"product_cat","embeddable":true,"href":"https:\/\/www.kanoko.se\/index.php\/wp-json\/wp\/v2\/product_cat?post=9792"},{"taxonomy":"product_tag","embeddable":true,"href":"https:\/\/www.kanoko.se\/index.php\/wp-json\/wp\/v2\/product_tag?post=9792"}],"curies":[{"name":"wp","href":"https:\/\/api.w.org\/{rel}","templated":true}]}}