{"id":9767,"date":"2025-03-02T12:16:57","date_gmt":"2025-03-02T10:16:57","guid":{"rendered":"https:\/\/www.kanoko.se\/?post_type=product&#038;p=9767"},"modified":"2025-03-02T12:16:57","modified_gmt":"2025-03-02T10:16:57","slug":"haori-39-2","status":"publish","type":"product","link":"https:\/\/www.kanoko.se\/index.php\/product\/haori-39-2\/","title":{"rendered":"Haori (39)"},"content":{"rendered":"<p><strong>\u00c5lder:<\/strong>\u00a0Ungef\u00e4r 40 \u00e5r<br \/>\n<strong>Teknik:<\/strong>\u00a0V\u00e4vda m\u00f6nster av guld,silver och r\u00f6dtr\u00e5d.<\/p>\n<p>Montsuki \u00e4r en typ av formel kimono med familj vapen.(bild 9)<\/p>\n<p>Handsydd och fodrad.<\/p>\n<p><strong>Material:<\/strong> Siden 100% .<\/p>\n<p><strong>Skick:<\/strong> M\u00f6jligen oanv\u00e4nt.Mycket bra.<\/p>\n<p><strong>M\u00e5tten<\/strong>: Bild 12<\/p>\n","protected":false},"excerpt":{"rendered":"<p><strong>Priset:<\/strong> inklusive moms inom Sverige.<\/p>\n<p><strong>Fri frakt<\/strong> inom Sverige vid k\u00f6p \u00f6ver \u00a01 500 kr<\/p>\n<p>inom Europa vid k\u00f6p \u00f6ver 2500kr (ca,250 euro).For free shipping please contact us before paying for the items.<\/p>\n","protected":false},"featured_media":9768,"comment_status":"open","ping_status":"closed","template":"","meta":[],"product_brand":[],"product_cat":[43,105],"product_tag":[],"class_list":{"0":"post-9767","1":"product","2":"type-product","3":"status-publish","4":"has-post-thumbnail","6":"product_cat-haori","7":"product_cat-kvinnor","8":"has_thumb","10":"first","11":"instock","12":"shipping-taxable","13":"purchasable","14":"product-type-simple"},"_links":{"self":[{"href":"https:\/\/www.kanoko.se\/index.php\/wp-json\/wp\/v2\/product\/9767","targetHints":{"allow":["GET"]}}],"collection":[{"href":"https:\/\/www.kanoko.se\/index.php\/wp-json\/wp\/v2\/product"}],"about":[{"href":"https:\/\/www.kanoko.se\/index.php\/wp-json\/wp\/v2\/types\/product"}],"replies":[{"embeddable":true,"href":"https:\/\/www.kanoko.se\/index.php\/wp-json\/wp\/v2\/comments?post=9767"}],"wp:featuredmedia":[{"embeddable":true,"href":"https:\/\/www.kanoko.se\/index.php\/wp-json\/wp\/v2\/media\/9768"}],"wp:attachment":[{"href":"https:\/\/www.kanoko.se\/index.php\/wp-json\/wp\/v2\/media?parent=9767"}],"wp:term":[{"taxonomy":"product_brand","embeddable":true,"href":"https:\/\/www.kanoko.se\/index.php\/wp-json\/wp\/v2\/product_brand?post=9767"},{"taxonomy":"product_cat","embeddable":true,"href":"https:\/\/www.kanoko.se\/index.php\/wp-json\/wp\/v2\/product_cat?post=9767"},{"taxonomy":"product_tag","embeddable":true,"href":"https:\/\/www.kanoko.se\/index.php\/wp-json\/wp\/v2\/product_tag?post=9767"}],"curies":[{"name":"wp","href":"https:\/\/api.w.org\/{rel}","templated":true}]}}