{"id":9694,"date":"2025-02-25T21:55:37","date_gmt":"2025-02-25T19:55:37","guid":{"rendered":"https:\/\/www.kanoko.se\/?post_type=product&#038;p=9694"},"modified":"2025-09-09T22:21:08","modified_gmt":"2025-09-09T20:21:08","slug":"haori-10-2","status":"publish","type":"product","link":"https:\/\/www.kanoko.se\/index.php\/product\/haori-10-2\/","title":{"rendered":"Haori (10)"},"content":{"rendered":"<p><strong>\u00c5lder:<\/strong>\u00a0Ungef\u00e4r 50 \u00e5r.<\/p>\n<p><strong>Teknik:<\/strong>\u00a0Handm\u00e5lning.<\/p>\n<p>Handsydd och fodrad.<\/p>\n<p><strong>Material:<\/strong>Siden 100%: (Chirimen silk,Cr\u00eape textil med twistade garnet)<br \/>\n<strong>Skick:<\/strong>\u00a0Begagnad. Mycket bra.P\u00e5 en del av ryggen har f\u00e4rgen bleknat litet p\u00e5 grund av ljuset.(bild 3)<\/p>\n<p><strong>M\u00e5tten<\/strong>: Bild 7<\/p>\n","protected":false},"excerpt":{"rendered":"<p><strong>Priset:<\/strong> inklusive moms inom Sverige.<\/p>\n<p><strong>Fri frakt<\/strong> inom Sverige vid k\u00f6p \u00f6ver \u00a01 500 kr<\/p>\n<p>inom Europa vid k\u00f6p \u00f6ver 2500kr (ca,250 euro).For free shipping please contact us before paying for the items.<\/p>\n","protected":false},"featured_media":9695,"comment_status":"open","ping_status":"closed","template":"","meta":[],"product_brand":[],"product_cat":[43,105],"product_tag":[],"class_list":{"0":"post-9694","1":"product","2":"type-product","3":"status-publish","4":"has-post-thumbnail","6":"product_cat-haori","7":"product_cat-kvinnor","8":"has_thumb","10":"first","11":"instock","12":"shipping-taxable","13":"purchasable","14":"product-type-simple"},"_links":{"self":[{"href":"https:\/\/www.kanoko.se\/index.php\/wp-json\/wp\/v2\/product\/9694","targetHints":{"allow":["GET"]}}],"collection":[{"href":"https:\/\/www.kanoko.se\/index.php\/wp-json\/wp\/v2\/product"}],"about":[{"href":"https:\/\/www.kanoko.se\/index.php\/wp-json\/wp\/v2\/types\/product"}],"replies":[{"embeddable":true,"href":"https:\/\/www.kanoko.se\/index.php\/wp-json\/wp\/v2\/comments?post=9694"}],"wp:featuredmedia":[{"embeddable":true,"href":"https:\/\/www.kanoko.se\/index.php\/wp-json\/wp\/v2\/media\/9695"}],"wp:attachment":[{"href":"https:\/\/www.kanoko.se\/index.php\/wp-json\/wp\/v2\/media?parent=9694"}],"wp:term":[{"taxonomy":"product_brand","embeddable":true,"href":"https:\/\/www.kanoko.se\/index.php\/wp-json\/wp\/v2\/product_brand?post=9694"},{"taxonomy":"product_cat","embeddable":true,"href":"https:\/\/www.kanoko.se\/index.php\/wp-json\/wp\/v2\/product_cat?post=9694"},{"taxonomy":"product_tag","embeddable":true,"href":"https:\/\/www.kanoko.se\/index.php\/wp-json\/wp\/v2\/product_tag?post=9694"}],"curies":[{"name":"wp","href":"https:\/\/api.w.org\/{rel}","templated":true}]}}