{"id":9383,"date":"2025-01-18T00:00:21","date_gmt":"2025-01-17T22:00:21","guid":{"rendered":"https:\/\/www.kanoko.se\/?post_type=product&#038;p=9383"},"modified":"2025-01-21T00:39:50","modified_gmt":"2025-01-20T22:39:50","slug":"haori-63","status":"publish","type":"product","link":"https:\/\/www.kanoko.se\/index.php\/product\/haori-63\/","title":{"rendered":"Haori (63)"},"content":{"rendered":"<p><strong>L\u00e5ng-Michiyuki\u00a0haori-jacka\u00a0<\/strong>med knappar<\/p>\n<p><strong>\u00c5lder:<\/strong>\u00a0Ungef\u00e4r 70-80\u00a0\u00e5r.antik<br \/>\n<strong>Teknik:<\/strong>\u00a0Handsydd och fodrad.<\/p>\n<p>V\u00e4vda m\u00f6nster p\u00e5 bakgrundstyg.<\/p>\n<p><strong>Material:<\/strong>\u00a0Siden 100%: (mjuk,l\u00e4tt,mycket h\u00f6g kvalitet)<br \/>\n<strong>Skick:<\/strong> Begagnad.Mycket bra.<\/p>\n<p><strong>M\u00e5tten<\/strong>: Bild 14<\/p>\n","protected":false},"excerpt":{"rendered":"<p><strong>Priset:<\/strong> inklusive moms inom Sverige.<\/p>\n<p><strong>Fri frakt<\/strong> inom Sverige vid k\u00f6p \u00f6ver \u00a01 500 kr<\/p>\n<p>inom Europa vid k\u00f6p \u00f6ver 2500kr (ca,250 euro).For free shipping please contact us before paying for the items.<\/p>\n","protected":false},"featured_media":9393,"comment_status":"open","ping_status":"closed","template":"","meta":[],"product_brand":[],"product_cat":[43],"product_tag":[],"class_list":{"0":"post-9383","1":"product","2":"type-product","3":"status-publish","4":"has-post-thumbnail","6":"product_cat-haori","7":"has_thumb","9":"first","10":"instock","11":"shipping-taxable","12":"purchasable","13":"product-type-simple"},"_links":{"self":[{"href":"https:\/\/www.kanoko.se\/index.php\/wp-json\/wp\/v2\/product\/9383","targetHints":{"allow":["GET"]}}],"collection":[{"href":"https:\/\/www.kanoko.se\/index.php\/wp-json\/wp\/v2\/product"}],"about":[{"href":"https:\/\/www.kanoko.se\/index.php\/wp-json\/wp\/v2\/types\/product"}],"replies":[{"embeddable":true,"href":"https:\/\/www.kanoko.se\/index.php\/wp-json\/wp\/v2\/comments?post=9383"}],"wp:featuredmedia":[{"embeddable":true,"href":"https:\/\/www.kanoko.se\/index.php\/wp-json\/wp\/v2\/media\/9393"}],"wp:attachment":[{"href":"https:\/\/www.kanoko.se\/index.php\/wp-json\/wp\/v2\/media?parent=9383"}],"wp:term":[{"taxonomy":"product_brand","embeddable":true,"href":"https:\/\/www.kanoko.se\/index.php\/wp-json\/wp\/v2\/product_brand?post=9383"},{"taxonomy":"product_cat","embeddable":true,"href":"https:\/\/www.kanoko.se\/index.php\/wp-json\/wp\/v2\/product_cat?post=9383"},{"taxonomy":"product_tag","embeddable":true,"href":"https:\/\/www.kanoko.se\/index.php\/wp-json\/wp\/v2\/product_tag?post=9383"}],"curies":[{"name":"wp","href":"https:\/\/api.w.org\/{rel}","templated":true}]}}