{"id":9334,"date":"2025-01-17T13:54:25","date_gmt":"2025-01-17T11:54:25","guid":{"rendered":"https:\/\/www.kanoko.se\/?post_type=product&#038;p=9334"},"modified":"2025-01-22T12:36:07","modified_gmt":"2025-01-22T10:36:07","slug":"haori-58","status":"publish","type":"product","link":"https:\/\/www.kanoko.se\/index.php\/product\/haori-58\/","title":{"rendered":"Haori (58)"},"content":{"rendered":"<p><strong>Michiyuki\u00a0haori-jacka\u00a0med knappar<\/strong><\/p>\n<p><strong>\u00c5lder<\/strong>: Ungef\u00e4r 30 \u00e5r.<br \/>\n<strong>Teknik<\/strong>:Tsumugi-V\u00e4vd<\/p>\n<p>Tsumugi silke \u00e4r v\u00e4vt tyg och tillverkat av vild silkefiber.<\/p>\n<p>V\u00e4vt m\u00f6nster med f\u00f6rf\u00e4rgade sidentr\u00e5d.<\/p>\n<p>Handsydd och fodrad.Med handv\u00e4vda sn\u00f6ren i sidan.<br \/>\n<strong>Material<\/strong>: Siden 100%:tsumugi (m\u00f6jligen Oshima -tsumugi,h\u00f6g kvalitet,lent)\u00a0Tsumugi silke \u00e4r v\u00e4vt tyg och tillverkat av vild silkefiber.<\/p>\n<p><strong>Skick<\/strong>: Oanv\u00e4nt. Mycket bra.<\/p>\n<p><strong>M\u00e5tten<\/strong>: Bild 14<\/p>\n","protected":false},"excerpt":{"rendered":"<p><strong>Priset:<\/strong> inklusive moms inom Sverige.<\/p>\n<p><strong>Fri frakt<\/strong> inom Sverige vid k\u00f6p \u00f6ver \u00a01 500 kr<\/p>\n<p>inom Europa vid k\u00f6p \u00f6ver 2500kr (ca,250 euro).For free shipping please contact us before paying for the items.<\/p>\n","protected":false},"featured_media":9438,"comment_status":"open","ping_status":"closed","template":"","meta":[],"product_brand":[],"product_cat":[43],"product_tag":[],"class_list":{"0":"post-9334","1":"product","2":"type-product","3":"status-publish","4":"has-post-thumbnail","6":"product_cat-haori","7":"has_thumb","9":"first","10":"instock","11":"shipping-taxable","12":"purchasable","13":"product-type-simple"},"_links":{"self":[{"href":"https:\/\/www.kanoko.se\/index.php\/wp-json\/wp\/v2\/product\/9334","targetHints":{"allow":["GET"]}}],"collection":[{"href":"https:\/\/www.kanoko.se\/index.php\/wp-json\/wp\/v2\/product"}],"about":[{"href":"https:\/\/www.kanoko.se\/index.php\/wp-json\/wp\/v2\/types\/product"}],"replies":[{"embeddable":true,"href":"https:\/\/www.kanoko.se\/index.php\/wp-json\/wp\/v2\/comments?post=9334"}],"wp:featuredmedia":[{"embeddable":true,"href":"https:\/\/www.kanoko.se\/index.php\/wp-json\/wp\/v2\/media\/9438"}],"wp:attachment":[{"href":"https:\/\/www.kanoko.se\/index.php\/wp-json\/wp\/v2\/media?parent=9334"}],"wp:term":[{"taxonomy":"product_brand","embeddable":true,"href":"https:\/\/www.kanoko.se\/index.php\/wp-json\/wp\/v2\/product_brand?post=9334"},{"taxonomy":"product_cat","embeddable":true,"href":"https:\/\/www.kanoko.se\/index.php\/wp-json\/wp\/v2\/product_cat?post=9334"},{"taxonomy":"product_tag","embeddable":true,"href":"https:\/\/www.kanoko.se\/index.php\/wp-json\/wp\/v2\/product_tag?post=9334"}],"curies":[{"name":"wp","href":"https:\/\/api.w.org\/{rel}","templated":true}]}}