{"id":9309,"date":"2025-01-17T00:25:07","date_gmt":"2025-01-16T22:25:07","guid":{"rendered":"https:\/\/www.kanoko.se\/?post_type=product&#038;p=9309"},"modified":"2026-04-23T06:02:18","modified_gmt":"2026-04-23T04:02:18","slug":"haori-54hela-shibori","status":"publish","type":"product","link":"https:\/\/www.kanoko.se\/index.php\/product\/haori-54hela-shibori\/","title":{"rendered":"Haori (29)hela Shibori"},"content":{"rendered":"<p><strong>\u00c5lder:<\/strong>\u00a0Ungef\u00e4r 40 \u00e5r.<br \/>\n<strong>Teknik:<\/strong>\u00a0Shibori; en batikf\u00e4rgningsteknik.M\u00f6nster skapas p\u00e5 tyget med hj\u00e4lp av sn\u00f6ren och vikningar som pressar ihop tyget under f\u00e4rgbadet.<\/p>\n<p>Handsydd och fodrad.Med handv\u00e4vda sn\u00f6ren i sidan.<\/p>\n<p><strong>Material:<\/strong>\u00a0Siden 100%\u00a0.(l\u00e4tt)<br \/>\n<strong>Skick:<\/strong> Begagnad.Mycket bra.<\/p>\n<p><strong>M\u00e5tten<\/strong>: Bild 14<\/p>\n","protected":false},"excerpt":{"rendered":"<p><strong>Priset:<\/strong> inklusive moms inom Sverige.<\/p>\n<p><strong>Fri frakt<\/strong> inom Sverige vid k\u00f6p \u00f6ver \u00a01 500 kr<\/p>\n<p>inom Europa vid k\u00f6p \u00f6ver 2500kr (ca,250 euro).For free shipping please contact us before paying for the items<\/p>\n","protected":false},"featured_media":9436,"comment_status":"open","ping_status":"closed","template":"","meta":[],"product_brand":[],"product_cat":[43],"product_tag":[],"class_list":{"0":"post-9309","1":"product","2":"type-product","3":"status-publish","4":"has-post-thumbnail","6":"product_cat-haori","7":"has_thumb","9":"first","10":"instock","11":"shipping-taxable","12":"purchasable","13":"product-type-simple"},"_links":{"self":[{"href":"https:\/\/www.kanoko.se\/index.php\/wp-json\/wp\/v2\/product\/9309","targetHints":{"allow":["GET"]}}],"collection":[{"href":"https:\/\/www.kanoko.se\/index.php\/wp-json\/wp\/v2\/product"}],"about":[{"href":"https:\/\/www.kanoko.se\/index.php\/wp-json\/wp\/v2\/types\/product"}],"replies":[{"embeddable":true,"href":"https:\/\/www.kanoko.se\/index.php\/wp-json\/wp\/v2\/comments?post=9309"}],"wp:featuredmedia":[{"embeddable":true,"href":"https:\/\/www.kanoko.se\/index.php\/wp-json\/wp\/v2\/media\/9436"}],"wp:attachment":[{"href":"https:\/\/www.kanoko.se\/index.php\/wp-json\/wp\/v2\/media?parent=9309"}],"wp:term":[{"taxonomy":"product_brand","embeddable":true,"href":"https:\/\/www.kanoko.se\/index.php\/wp-json\/wp\/v2\/product_brand?post=9309"},{"taxonomy":"product_cat","embeddable":true,"href":"https:\/\/www.kanoko.se\/index.php\/wp-json\/wp\/v2\/product_cat?post=9309"},{"taxonomy":"product_tag","embeddable":true,"href":"https:\/\/www.kanoko.se\/index.php\/wp-json\/wp\/v2\/product_tag?post=9309"}],"curies":[{"name":"wp","href":"https:\/\/api.w.org\/{rel}","templated":true}]}}