{"id":9266,"date":"2025-01-15T15:09:22","date_gmt":"2025-01-15T13:09:22","guid":{"rendered":"https:\/\/www.kanoko.se\/?post_type=product&#038;p=9266"},"modified":"2025-01-21T17:00:45","modified_gmt":"2025-01-21T15:00:45","slug":"haori-02-2","status":"publish","type":"product","link":"https:\/\/www.kanoko.se\/index.php\/product\/haori-02-2\/","title":{"rendered":"Haori (33)"},"content":{"rendered":"<p><strong>\u00c5lder:<\/strong>\u00a0Ungef\u00e4r 50-60 \u00e5r.<br \/>\n<strong>Teknik:<\/strong>\u00a0V\u00e4vda m\u00f6nster av guld,silver och\u00a0metal liknande tr\u00e5d.<\/p>\n<p>Montsuki \u00e4r en typ av formel kimino med familj vapen.(bild 17)<\/p>\n<p>Handsydd och fodrad.<\/p>\n<p><strong>Material:<\/strong> Siden 100% .(Chirimen silk,Cr\u00eape textil med twistade garnet,relativit kraftig och tungt )<br \/>\n<strong>Skick:<\/strong> M\u00f6jligen oanv\u00e4nt.Mycket bra f\u00f6r \u00e5ldern.<\/p>\n<p><strong>M\u00e5tten<\/strong>: Bild 19<\/p>\n","protected":false},"excerpt":{"rendered":"<p><strong>Priset:<\/strong> inklusive moms inom Sverige.<\/p>\n<p><strong>Fri frakt<\/strong> inom Sverige vid k\u00f6p \u00f6ver \u00a01 500 kr<\/p>\n<p>inom Europa vid k\u00f6p \u00f6ver 2500kr (ca,250 euro).For free shipping please contact us before paying for the items.<\/p>\n","protected":false},"featured_media":9417,"comment_status":"open","ping_status":"closed","template":"","meta":[],"product_brand":[],"product_cat":[43],"product_tag":[],"class_list":{"0":"post-9266","1":"product","2":"type-product","3":"status-publish","4":"has-post-thumbnail","6":"product_cat-haori","7":"has_thumb","9":"first","10":"instock","11":"shipping-taxable","12":"purchasable","13":"product-type-simple"},"_links":{"self":[{"href":"https:\/\/www.kanoko.se\/index.php\/wp-json\/wp\/v2\/product\/9266","targetHints":{"allow":["GET"]}}],"collection":[{"href":"https:\/\/www.kanoko.se\/index.php\/wp-json\/wp\/v2\/product"}],"about":[{"href":"https:\/\/www.kanoko.se\/index.php\/wp-json\/wp\/v2\/types\/product"}],"replies":[{"embeddable":true,"href":"https:\/\/www.kanoko.se\/index.php\/wp-json\/wp\/v2\/comments?post=9266"}],"wp:featuredmedia":[{"embeddable":true,"href":"https:\/\/www.kanoko.se\/index.php\/wp-json\/wp\/v2\/media\/9417"}],"wp:attachment":[{"href":"https:\/\/www.kanoko.se\/index.php\/wp-json\/wp\/v2\/media?parent=9266"}],"wp:term":[{"taxonomy":"product_brand","embeddable":true,"href":"https:\/\/www.kanoko.se\/index.php\/wp-json\/wp\/v2\/product_brand?post=9266"},{"taxonomy":"product_cat","embeddable":true,"href":"https:\/\/www.kanoko.se\/index.php\/wp-json\/wp\/v2\/product_cat?post=9266"},{"taxonomy":"product_tag","embeddable":true,"href":"https:\/\/www.kanoko.se\/index.php\/wp-json\/wp\/v2\/product_tag?post=9266"}],"curies":[{"name":"wp","href":"https:\/\/api.w.org\/{rel}","templated":true}]}}