{"id":9149,"date":"2025-01-11T11:08:27","date_gmt":"2025-01-11T09:08:27","guid":{"rendered":"https:\/\/www.kanoko.se\/?post_type=product&#038;p=9149"},"modified":"2025-02-19T16:12:26","modified_gmt":"2025-02-19T14:12:26","slug":"haori-16","status":"publish","type":"product","link":"https:\/\/www.kanoko.se\/index.php\/product\/haori-16\/","title":{"rendered":"Haori (10)"},"content":{"rendered":"<p><strong>\u00c5lder<\/strong>: Ungef\u00e4r 60-70 \u00e5r.<\/p>\n<p><strong>Teknik<\/strong>: Meisen.V\u00e4vt.Unikt m\u00f6nster med krona,h\u00e4stskjuts o f\u00e5gel.<\/p>\n<p>V\u00e4vt m\u00f6nster med f\u00f6rf\u00e4rgade sidentr\u00e5d.<\/p>\n<p>Handsydd och fodrad.Med sn\u00f6ren.<br \/>\n<strong>Material :<\/strong>\u00a0\u00a0Siden 100%.(Meisen silk,mjukt och lent).<\/p>\n<p><strong>Skick<\/strong>: Begagnad. Mycket bra som n\u00e4stan oanv\u00e4nt.N\u00e5gra ljusa prickar omkring kragen.(bild 10)<\/p>\n<p><strong>M\u00e5tten<\/strong>: Bild 13<\/p>\n","protected":false},"excerpt":{"rendered":"<p><strong>Priset:<\/strong> inklusive moms inom Sverige.<\/p>\n<p><strong>Fri frakt<\/strong> inom Sverige vid k\u00f6p \u00f6ver \u00a01 500 kr<\/p>\n<p>inom Europa vid k\u00f6p \u00f6ver 2500kr (ca,250 euro).For free shipping please contact us before paying for the items.<\/p>\n","protected":false},"featured_media":9414,"comment_status":"open","ping_status":"closed","template":"","meta":[],"product_brand":[],"product_cat":[43],"product_tag":[],"class_list":{"0":"post-9149","1":"product","2":"type-product","3":"status-publish","4":"has-post-thumbnail","6":"product_cat-haori","7":"has_thumb","9":"first","10":"outofstock","11":"shipping-taxable","12":"purchasable","13":"product-type-simple"},"_links":{"self":[{"href":"https:\/\/www.kanoko.se\/index.php\/wp-json\/wp\/v2\/product\/9149","targetHints":{"allow":["GET"]}}],"collection":[{"href":"https:\/\/www.kanoko.se\/index.php\/wp-json\/wp\/v2\/product"}],"about":[{"href":"https:\/\/www.kanoko.se\/index.php\/wp-json\/wp\/v2\/types\/product"}],"replies":[{"embeddable":true,"href":"https:\/\/www.kanoko.se\/index.php\/wp-json\/wp\/v2\/comments?post=9149"}],"wp:featuredmedia":[{"embeddable":true,"href":"https:\/\/www.kanoko.se\/index.php\/wp-json\/wp\/v2\/media\/9414"}],"wp:attachment":[{"href":"https:\/\/www.kanoko.se\/index.php\/wp-json\/wp\/v2\/media?parent=9149"}],"wp:term":[{"taxonomy":"product_brand","embeddable":true,"href":"https:\/\/www.kanoko.se\/index.php\/wp-json\/wp\/v2\/product_brand?post=9149"},{"taxonomy":"product_cat","embeddable":true,"href":"https:\/\/www.kanoko.se\/index.php\/wp-json\/wp\/v2\/product_cat?post=9149"},{"taxonomy":"product_tag","embeddable":true,"href":"https:\/\/www.kanoko.se\/index.php\/wp-json\/wp\/v2\/product_tag?post=9149"}],"curies":[{"name":"wp","href":"https:\/\/api.w.org\/{rel}","templated":true}]}}