{"id":9000,"date":"2024-12-15T23:27:00","date_gmt":"2024-12-15T21:27:00","guid":{"rendered":"https:\/\/www.kanoko.se\/?post_type=product&#038;p=9000"},"modified":"2025-11-30T00:22:18","modified_gmt":"2025-11-29T22:22:18","slug":"15ljusbla-furisode","status":"publish","type":"product","link":"https:\/\/www.kanoko.se\/index.php\/product\/15ljusbla-furisode\/","title":{"rendered":"(15)Ljusbl\u00e5 Furisode"},"content":{"rendered":"<p><strong>Furisode\u00a0<\/strong>(med l\u00e5nga \u00e4rmarna)\u00e4r formella kimonos f\u00f6r kvinnor.<\/p>\n<p><strong>\u00c5lder<\/strong>: Ungef\u00e4r 50-60 \u00e5r.<\/p>\n<p><strong>Teknik<\/strong>: F\u00e4rgad. Yuzen; reservagef\u00e4rgning och handm\u00e5lning.<\/p>\n<p>F\u00f6rgyllda anv\u00e4nds.<\/p>\n<p>Klicka \u2013&gt;\u00a0<a href=\"https:\/\/www.youtube.com\/watch?v=MKG13KDqKj8\" target=\"_blank\" rel=\"noopener\">Film om yuzen-tekniken.<\/a><\/p>\n<p>Handsydd och fodrad.<\/p>\n<p>Vissa deler av m\u00f6nstren \u00e4r broderade (kinkoma broderie,outline stitches)(bild 8,9).<\/p>\n<p><strong>Material<\/strong>\u00a0: Siden 100%.(mjuk och lent)<br \/>\n<strong>Skick:<\/strong>\u00a0Begagnad. Mycket bra.Ljusa smuts omkring kragen d\u00e4r vikas in n\u00e4r b\u00e4rs.(bild 28)<\/p>\n<p>Lite bleknat ut.<\/p>\n<p><strong>M\u00e5tten<\/strong>: Bild\u00a0(bild 29)<\/p>\n<p>*De flesta japanska kvinnas kimono \u00e4r ganska l\u00e5nga f\u00f6r att mitten av kimono vikas in inne i Obi-b\u00e4lte.<\/p>\n","protected":false},"excerpt":{"rendered":"<p><strong>Priset:<\/strong> inklusive moms inom Sverige.<\/p>\n<p><strong>Fri frakt<\/strong> inom Sverige vid k\u00f6p \u00f6ver \u00a01 500 kr<\/p>\n<p>inom Europa vid k\u00f6p \u00f6ver 2500kr (ca,250 euro).For free shipping please contact us before paying for the items.<\/p>\n","protected":false},"featured_media":9001,"comment_status":"open","ping_status":"closed","template":"","meta":[],"product_brand":[],"product_cat":[39],"product_tag":[],"class_list":{"0":"post-9000","1":"product","2":"type-product","3":"status-publish","4":"has-post-thumbnail","6":"product_cat-furisode","8":"first","9":"instock","10":"shipping-taxable","11":"purchasable","12":"product-type-simple"},"_links":{"self":[{"href":"https:\/\/www.kanoko.se\/index.php\/wp-json\/wp\/v2\/product\/9000","targetHints":{"allow":["GET"]}}],"collection":[{"href":"https:\/\/www.kanoko.se\/index.php\/wp-json\/wp\/v2\/product"}],"about":[{"href":"https:\/\/www.kanoko.se\/index.php\/wp-json\/wp\/v2\/types\/product"}],"replies":[{"embeddable":true,"href":"https:\/\/www.kanoko.se\/index.php\/wp-json\/wp\/v2\/comments?post=9000"}],"wp:featuredmedia":[{"embeddable":true,"href":"https:\/\/www.kanoko.se\/index.php\/wp-json\/wp\/v2\/media\/9001"}],"wp:attachment":[{"href":"https:\/\/www.kanoko.se\/index.php\/wp-json\/wp\/v2\/media?parent=9000"}],"wp:term":[{"taxonomy":"product_brand","embeddable":true,"href":"https:\/\/www.kanoko.se\/index.php\/wp-json\/wp\/v2\/product_brand?post=9000"},{"taxonomy":"product_cat","embeddable":true,"href":"https:\/\/www.kanoko.se\/index.php\/wp-json\/wp\/v2\/product_cat?post=9000"},{"taxonomy":"product_tag","embeddable":true,"href":"https:\/\/www.kanoko.se\/index.php\/wp-json\/wp\/v2\/product_tag?post=9000"}],"curies":[{"name":"wp","href":"https:\/\/api.w.org\/{rel}","templated":true}]}}