{"id":8725,"date":"2024-12-01T22:25:59","date_gmt":"2024-12-01T20:25:59","guid":{"rendered":"https:\/\/www.kanoko.se\/?post_type=product&#038;p=8725"},"modified":"2026-03-07T13:10:21","modified_gmt":"2026-03-07T11:10:21","slug":"01-kamelia-i-3-farger","status":"publish","type":"product","link":"https:\/\/www.kanoko.se\/index.php\/product\/01-kamelia-i-3-farger\/","title":{"rendered":"Komon (14) Kamelia i 3 f\u00e4rger"},"content":{"rendered":"<p><strong>Komon<\/strong><\/p>\n<p><strong>\u00c5lder<\/strong>: Ungef\u00e4r 60 \u00e5r.<br \/>\n<strong>Teknik<\/strong>:F\u00e4rgad. Handm\u00e5lning.Unika kamelia blommor i 3 f\u00e4rger.<\/p>\n<p>V\u00e4vda m\u00f6nster p\u00e5 hela\u00a0bakgrundstyg.<\/p>\n<p>Handsydd och fodrad.<\/p>\n<p><strong>Material<\/strong>\u00a0: Siden 100%. (h\u00f6g kvalitet,mjuk o l\u00e4tt)<br \/>\n<strong>Skick<\/strong>: Begagnad. Mycket bra.F\u00e4rgen har \u00e4ndrat av \u00e5rderna p\u00e5 innetyget.(bild 13,14)<\/p>\n<p><strong>M\u00e5tten<\/strong>: Bild 15<\/p>\n<p>*De flesta japanska kvinnas kimono \u00e4r ganska l\u00e5nga f\u00f6r att mitten av kimono vikas in inne i Obi-b\u00e4lte.<\/p>\n","protected":false},"excerpt":{"rendered":"<p>Priset: inklusive moms inom Sverige.<\/p>\n<p>Fri frakt inom Sverige vid k\u00f6p \u00f6ver \u00a01 500 kr<\/p>\n<p>inom Europa vid k\u00f6p \u00f6ver 2500kr (ca,250 euro).For free shipping please contact us before paying for the items.<\/p>\n","protected":false},"featured_media":8726,"comment_status":"open","ping_status":"closed","template":"","meta":[],"product_brand":[],"product_cat":[104],"product_tag":[],"class_list":{"0":"post-8725","1":"product","2":"type-product","3":"status-publish","4":"has-post-thumbnail","6":"product_cat-komon","7":"has_thumb","9":"first","10":"instock","11":"shipping-taxable","12":"purchasable","13":"product-type-simple"},"_links":{"self":[{"href":"https:\/\/www.kanoko.se\/index.php\/wp-json\/wp\/v2\/product\/8725","targetHints":{"allow":["GET"]}}],"collection":[{"href":"https:\/\/www.kanoko.se\/index.php\/wp-json\/wp\/v2\/product"}],"about":[{"href":"https:\/\/www.kanoko.se\/index.php\/wp-json\/wp\/v2\/types\/product"}],"replies":[{"embeddable":true,"href":"https:\/\/www.kanoko.se\/index.php\/wp-json\/wp\/v2\/comments?post=8725"}],"wp:featuredmedia":[{"embeddable":true,"href":"https:\/\/www.kanoko.se\/index.php\/wp-json\/wp\/v2\/media\/8726"}],"wp:attachment":[{"href":"https:\/\/www.kanoko.se\/index.php\/wp-json\/wp\/v2\/media?parent=8725"}],"wp:term":[{"taxonomy":"product_brand","embeddable":true,"href":"https:\/\/www.kanoko.se\/index.php\/wp-json\/wp\/v2\/product_brand?post=8725"},{"taxonomy":"product_cat","embeddable":true,"href":"https:\/\/www.kanoko.se\/index.php\/wp-json\/wp\/v2\/product_cat?post=8725"},{"taxonomy":"product_tag","embeddable":true,"href":"https:\/\/www.kanoko.se\/index.php\/wp-json\/wp\/v2\/product_tag?post=8725"}],"curies":[{"name":"wp","href":"https:\/\/api.w.org\/{rel}","templated":true}]}}