{"id":8258,"date":"2024-02-12T21:02:11","date_gmt":"2024-02-12T19:02:11","guid":{"rendered":"https:\/\/www.kanoko.se\/?post_type=product&#038;p=8258"},"modified":"2025-09-17T21:38:09","modified_gmt":"2025-09-17T19:38:09","slug":"ovrigt-07-iromuji-rosa","status":"publish","type":"product","link":"https:\/\/www.kanoko.se\/index.php\/product\/ovrigt-07-iromuji-rosa\/","title":{"rendered":"\u00d6vrigt (07) Iromuji Rosa blad"},"content":{"rendered":"<p><strong>Iromuji:<\/strong>En enf\u00e4rgad kimono<\/p>\n<p><strong>\u00c5lder<\/strong>: Ungef\u00e4r 40-50 \u00e5r.<br \/>\n<strong>Teknik:<\/strong> En enf\u00e4rgad kimono utan tryckt m\u00f6nster, men med \u2018jimon\u2019 ett inv\u00e4vt m\u00f6nster i tyget\u00a0.<\/p>\n<p>Handsydd och fodrad.<\/p>\n<p><strong>Material<\/strong>\u00a0: Siden 100%.(mjuk o len)<br \/>\n<strong>Skick:<\/strong> Begagnad. Mycket bra.N\u00e4stan som oanv\u00e4nt.<\/p>\n<p><strong>M\u00e5tten<\/strong>: Bild\u00a010<\/p>\n<p>*De flesta japanska kvinnas kimono \u00e4r ganska l\u00e5nga f\u00f6r att mitten av kimono vikas in inne i Obi-b\u00e4lte.<\/p>\n","protected":false},"excerpt":{"rendered":"<p>Priset: inklusive moms inom Sverige.<\/p>\n<p>Fri frakt inom Sverige vid k\u00f6p \u00f6ver \u00a01 500 kr<\/p>\n<p>inom Europa vid k\u00f6p \u00f6ver 2500kr (ca,250 euro).For free shipping please contact us before paying for the items<\/p>\n<p>Fri frakt inom Europa vid k\u00f6p \u00f6ver 2000kr (ca,200 euro).<\/p>\n","protected":false},"featured_media":8259,"comment_status":"open","ping_status":"closed","template":"","meta":[],"product_brand":[],"product_cat":[114,46],"product_tag":[],"class_list":{"0":"post-8258","1":"product","2":"type-product","3":"status-publish","4":"has-post-thumbnail","6":"product_cat-iromuji","7":"product_cat-ovriga-kimono-kvinnor","8":"has_thumb","10":"first","11":"instock","12":"shipping-taxable","13":"purchasable","14":"product-type-simple"},"_links":{"self":[{"href":"https:\/\/www.kanoko.se\/index.php\/wp-json\/wp\/v2\/product\/8258","targetHints":{"allow":["GET"]}}],"collection":[{"href":"https:\/\/www.kanoko.se\/index.php\/wp-json\/wp\/v2\/product"}],"about":[{"href":"https:\/\/www.kanoko.se\/index.php\/wp-json\/wp\/v2\/types\/product"}],"replies":[{"embeddable":true,"href":"https:\/\/www.kanoko.se\/index.php\/wp-json\/wp\/v2\/comments?post=8258"}],"wp:featuredmedia":[{"embeddable":true,"href":"https:\/\/www.kanoko.se\/index.php\/wp-json\/wp\/v2\/media\/8259"}],"wp:attachment":[{"href":"https:\/\/www.kanoko.se\/index.php\/wp-json\/wp\/v2\/media?parent=8258"}],"wp:term":[{"taxonomy":"product_brand","embeddable":true,"href":"https:\/\/www.kanoko.se\/index.php\/wp-json\/wp\/v2\/product_brand?post=8258"},{"taxonomy":"product_cat","embeddable":true,"href":"https:\/\/www.kanoko.se\/index.php\/wp-json\/wp\/v2\/product_cat?post=8258"},{"taxonomy":"product_tag","embeddable":true,"href":"https:\/\/www.kanoko.se\/index.php\/wp-json\/wp\/v2\/product_tag?post=8258"}],"curies":[{"name":"wp","href":"https:\/\/api.w.org\/{rel}","templated":true}]}}