{"id":8223,"date":"2024-02-12T12:55:11","date_gmt":"2024-02-12T10:55:11","guid":{"rendered":"https:\/\/www.kanoko.se\/?post_type=product&#038;p=8223"},"modified":"2024-02-12T12:59:26","modified_gmt":"2024-02-12T10:59:26","slug":"furisode-20-pion","status":"publish","type":"product","link":"https:\/\/www.kanoko.se\/index.php\/product\/furisode-20-pion\/","title":{"rendered":"Furisode (20) Pion"},"content":{"rendered":"<p><strong>Furisode\u00a0<\/strong>(med l\u00e5nga armarna)\u00e4r formella kimonos f\u00f6r kvinnor.<\/p>\n<p><strong>\u00c5lder<\/strong>: Ungef\u00e4r 60 \u00e5r.Semi antik.<\/p>\n<p><strong>Teknik:<\/strong>\u00a0Jimonn (v\u00e4vdm\u00f6nster p\u00e5 bakgrund) och Yuzen;\u00a0<span class=\"st\">reservagef\u00e4rgning, handm\u00e5lning.\u00a0\u00a0 Klicka \u2013&gt;\u00a0<a href=\"https:\/\/www.youtube.com\/watch?v=MKG13KDqKj8\" target=\"_blank\" rel=\"noopener\">Film om yuzen-tekniken<\/a>.<\/span><\/p>\n<p>Handsydd och fodrad.Delvis dekorerad med guld -och silverbroderier\u00a0(kinkoma broderie,outline stitches).<\/p>\n<p><strong>Material :<\/strong>\u00a0\u00a0Siden 100%.(mjukt o lent)<\/p>\n<p><strong>Skick:<\/strong>\u00a0Begagnad. Bra.Sm\u00e5 fl\u00e4ckar i m\u00f6nstren (bild 9).<\/p>\n<p><strong>M\u00e5tten<\/strong>: Bild\u00a0(bild 10)<\/p>\n<p>*De flesta japanska kvinnas kimono \u00e4r ganska l\u00e5nga f\u00f6r att mitten av kimono vikas in inne i Obi-b\u00e4lte.<\/p>\n","protected":false},"excerpt":{"rendered":"<p>Priset: inklusive moms inom Sverige.<\/p>\n<p>Fri frakt inom Sverige vid k\u00f6p \u00f6ver \u00a01 000 kr<\/p>\n<p>Fri frakt inom Europa vid k\u00f6p \u00f6ver 2000kr (ca,200 euro).<\/p>\n","protected":false},"featured_media":8224,"comment_status":"open","ping_status":"closed","template":"","meta":[],"product_brand":[],"product_cat":[39],"product_tag":[],"class_list":{"0":"post-8223","1":"product","2":"type-product","3":"status-publish","4":"has-post-thumbnail","6":"product_cat-furisode","8":"first","9":"instock","10":"shipping-taxable","11":"purchasable","12":"product-type-simple"},"_links":{"self":[{"href":"https:\/\/www.kanoko.se\/index.php\/wp-json\/wp\/v2\/product\/8223","targetHints":{"allow":["GET"]}}],"collection":[{"href":"https:\/\/www.kanoko.se\/index.php\/wp-json\/wp\/v2\/product"}],"about":[{"href":"https:\/\/www.kanoko.se\/index.php\/wp-json\/wp\/v2\/types\/product"}],"replies":[{"embeddable":true,"href":"https:\/\/www.kanoko.se\/index.php\/wp-json\/wp\/v2\/comments?post=8223"}],"wp:featuredmedia":[{"embeddable":true,"href":"https:\/\/www.kanoko.se\/index.php\/wp-json\/wp\/v2\/media\/8224"}],"wp:attachment":[{"href":"https:\/\/www.kanoko.se\/index.php\/wp-json\/wp\/v2\/media?parent=8223"}],"wp:term":[{"taxonomy":"product_brand","embeddable":true,"href":"https:\/\/www.kanoko.se\/index.php\/wp-json\/wp\/v2\/product_brand?post=8223"},{"taxonomy":"product_cat","embeddable":true,"href":"https:\/\/www.kanoko.se\/index.php\/wp-json\/wp\/v2\/product_cat?post=8223"},{"taxonomy":"product_tag","embeddable":true,"href":"https:\/\/www.kanoko.se\/index.php\/wp-json\/wp\/v2\/product_tag?post=8223"}],"curies":[{"name":"wp","href":"https:\/\/api.w.org\/{rel}","templated":true}]}}