{"id":8201,"date":"2024-02-12T10:10:42","date_gmt":"2024-02-12T08:10:42","guid":{"rendered":"https:\/\/www.kanoko.se\/?post_type=product&#038;p=8201"},"modified":"2025-07-11T08:23:12","modified_gmt":"2025-07-11T06:23:12","slug":"furisode-07-blaregn-blommor","status":"publish","type":"product","link":"https:\/\/www.kanoko.se\/index.php\/product\/furisode-07-blaregn-blommor\/","title":{"rendered":"Furisode (07) Bl\u00e5regn o pion"},"content":{"rendered":"<p><strong>Furisode\u00a0<\/strong>(med l\u00e5nga armarna)\u00e4r formella kimonos f\u00f6r kvinnor.<\/p>\n<p><strong>\u00c5lder<\/strong>: Ungef\u00e4r 50 \u00e5r.<br \/>\n<strong>Teknik<\/strong>: F\u00e4rgad. Yuzen; reservagef\u00e4rgning och handm\u00e5lning.<\/p>\n<p>F\u00f6rgyllda anv\u00e4nds.Vissa deler av m\u00f6nstren \u00e4r broderade (kinkoma broderie,outline stitches)(bild 8,9).<\/p>\n<p>Klicka \u2013&gt;\u00a0<a href=\"https:\/\/www.youtube.com\/watch?v=MKG13KDqKj8\" target=\"_blank\" rel=\"noopener\">Film om yuzen-tekniken.<\/a><\/p>\n<p>Handsydd och fodrad.<br \/>\n<strong>Material<\/strong>\u00a0: Siden 100%(mjuk o lent)<br \/>\n<strong>Skick<\/strong>\u00a0: Begagnad. Bra.Bleknat p.g.a. av ljuset omkring kragen.(bild 18,19)<\/p>\n<p><strong>M\u00e5tten<\/strong>: Bild 20<\/p>\n<p>*De flesta japanska kvinnas kimono \u00e4r ganska l\u00e5nga f\u00f6r att mitten av kimono vikas in inne i Obi-b\u00e4lte.<\/p>\n","protected":false},"excerpt":{"rendered":"<p>Priset: inklusive moms inom Sverige.<\/p>\n<p>Fri frakt inom Sverige vid k\u00f6p \u00f6ver \u00a01 000 kr<\/p>\n<p>Fri frakt inom Europa vid k\u00f6p \u00f6ver 2000kr (ca,200 euro).<\/p>\n","protected":false},"featured_media":8202,"comment_status":"open","ping_status":"closed","template":"","meta":[],"product_brand":[],"product_cat":[39],"product_tag":[],"class_list":{"0":"post-8201","1":"product","2":"type-product","3":"status-publish","4":"has-post-thumbnail","6":"product_cat-furisode","8":"first","9":"instock","10":"shipping-taxable","11":"purchasable","12":"product-type-simple"},"_links":{"self":[{"href":"https:\/\/www.kanoko.se\/index.php\/wp-json\/wp\/v2\/product\/8201","targetHints":{"allow":["GET"]}}],"collection":[{"href":"https:\/\/www.kanoko.se\/index.php\/wp-json\/wp\/v2\/product"}],"about":[{"href":"https:\/\/www.kanoko.se\/index.php\/wp-json\/wp\/v2\/types\/product"}],"replies":[{"embeddable":true,"href":"https:\/\/www.kanoko.se\/index.php\/wp-json\/wp\/v2\/comments?post=8201"}],"wp:featuredmedia":[{"embeddable":true,"href":"https:\/\/www.kanoko.se\/index.php\/wp-json\/wp\/v2\/media\/8202"}],"wp:attachment":[{"href":"https:\/\/www.kanoko.se\/index.php\/wp-json\/wp\/v2\/media?parent=8201"}],"wp:term":[{"taxonomy":"product_brand","embeddable":true,"href":"https:\/\/www.kanoko.se\/index.php\/wp-json\/wp\/v2\/product_brand?post=8201"},{"taxonomy":"product_cat","embeddable":true,"href":"https:\/\/www.kanoko.se\/index.php\/wp-json\/wp\/v2\/product_cat?post=8201"},{"taxonomy":"product_tag","embeddable":true,"href":"https:\/\/www.kanoko.se\/index.php\/wp-json\/wp\/v2\/product_tag?post=8201"}],"curies":[{"name":"wp","href":"https:\/\/api.w.org\/{rel}","templated":true}]}}