{"id":7752,"date":"2024-01-07T00:20:02","date_gmt":"2024-01-06T22:20:02","guid":{"rendered":"https:\/\/www.kanoko.se\/?post_type=product&#038;p=7752"},"modified":"2025-08-23T08:58:41","modified_gmt":"2025-08-23T06:58:41","slug":"tsukesage31-gron","status":"publish","type":"product","link":"https:\/\/www.kanoko.se\/index.php\/product\/tsukesage31-gron\/","title":{"rendered":"Tsukesage (31) Gr\u00f6n"},"content":{"rendered":"<p><strong>Tsukesage<\/strong>\u00a0\u00e4r en typ av formel kimino.<\/p>\n<p><strong>\u00c5lder<\/strong>: Ungef\u00e4r \u00a050 \u00e5r.<br \/>\n<strong>Teknik<\/strong>:F\u00e4rgad. Handm\u00e5lning.<\/p>\n<p>F\u00f6rgyllda anv\u00e4nds.\u00a0Handsydd och fodrad.<\/p>\n<p><strong>Material<\/strong>\u00a0: Siden 100%.(Chirimen silk,len o mjuk)<br \/>\n<strong>Skick:<\/strong>\u00a0\u00a0Begagnad. Mycket bra.<\/p>\n<p><strong>M\u00e5tten<\/strong>: Bild\u00a0(bild 13)<\/p>\n<p>*De flesta japanska kvinnas kimono \u00e4r ganska l\u00e5nga f\u00f6r att mitten av kimono vikas in inne i Obi-b\u00e4lte.<\/p>\n","protected":false},"excerpt":{"rendered":"<p>Priset: inklusive moms inom Sverige.<\/p>\n<p>Fri frakt inom Sverige vid k\u00f6p \u00f6ver \u00a01 500 kr<\/p>\n<p>inom Europa vid k\u00f6p \u00f6ver 2500kr (ca,250 euro).For free shipping please contact us before paying for the items.<\/p>\n","protected":false},"featured_media":7753,"comment_status":"open","ping_status":"closed","template":"","meta":[],"product_brand":[],"product_cat":[42],"product_tag":[],"class_list":{"0":"post-7752","1":"product","2":"type-product","3":"status-publish","4":"has-post-thumbnail","6":"product_cat-tsukesage","7":"has_thumb","9":"first","10":"instock","11":"shipping-taxable","12":"purchasable","13":"product-type-simple"},"_links":{"self":[{"href":"https:\/\/www.kanoko.se\/index.php\/wp-json\/wp\/v2\/product\/7752","targetHints":{"allow":["GET"]}}],"collection":[{"href":"https:\/\/www.kanoko.se\/index.php\/wp-json\/wp\/v2\/product"}],"about":[{"href":"https:\/\/www.kanoko.se\/index.php\/wp-json\/wp\/v2\/types\/product"}],"replies":[{"embeddable":true,"href":"https:\/\/www.kanoko.se\/index.php\/wp-json\/wp\/v2\/comments?post=7752"}],"wp:featuredmedia":[{"embeddable":true,"href":"https:\/\/www.kanoko.se\/index.php\/wp-json\/wp\/v2\/media\/7753"}],"wp:attachment":[{"href":"https:\/\/www.kanoko.se\/index.php\/wp-json\/wp\/v2\/media?parent=7752"}],"wp:term":[{"taxonomy":"product_brand","embeddable":true,"href":"https:\/\/www.kanoko.se\/index.php\/wp-json\/wp\/v2\/product_brand?post=7752"},{"taxonomy":"product_cat","embeddable":true,"href":"https:\/\/www.kanoko.se\/index.php\/wp-json\/wp\/v2\/product_cat?post=7752"},{"taxonomy":"product_tag","embeddable":true,"href":"https:\/\/www.kanoko.se\/index.php\/wp-json\/wp\/v2\/product_tag?post=7752"}],"curies":[{"name":"wp","href":"https:\/\/api.w.org\/{rel}","templated":true}]}}