{"id":7419,"date":"2023-12-13T14:52:27","date_gmt":"2023-12-13T12:52:27","guid":{"rendered":"https:\/\/www.kanoko.se\/?post_type=product&#038;p=7419"},"modified":"2026-03-06T10:09:34","modified_gmt":"2026-03-06T08:09:34","slug":"haori-62","status":"publish","type":"product","link":"https:\/\/www.kanoko.se\/index.php\/product\/haori-62\/","title":{"rendered":"Haori (22)"},"content":{"rendered":"<p><strong>\u00c5lder:<\/strong>\u00a0Ungef\u00e4r\u300050 \u00e5r.<\/p>\n<p><strong>Teknik:<\/strong>\u00a0Handsydd och fodrad.<\/p>\n<p>V\u00e4vda m\u00f6nster. Med handv\u00e4vda sn\u00f6ren i sidan.<\/p>\n<p><strong>Material:<\/strong>\u00a0<strong>Material:<\/strong>\u00a0Siden 100%.(lent,h\u00f6g kvalitet))<br \/>\n<strong>Skick:<\/strong>\u00a0M\u00f6jligen oanv\u00e4nt. Mycket bra.<\/p>\n<p><strong>M\u00e5tten<\/strong>: Bild 10<\/p>\n","protected":false},"excerpt":{"rendered":"<p><strong>Priset:<\/strong> inklusive moms inom Sverige.<\/p>\n<p><strong>Fri frakt<\/strong> inom Sverige vid k\u00f6p \u00f6ver \u00a01 500 kr<\/p>\n<p>inom Europa vid k\u00f6p \u00f6ver 2500kr (ca,250 euro).For free shipping please contact us before paying for the items.<\/p>\n","protected":false},"featured_media":7420,"comment_status":"open","ping_status":"closed","template":"","meta":[],"product_brand":[],"product_cat":[43],"product_tag":[],"class_list":{"0":"post-7419","1":"product","2":"type-product","3":"status-publish","4":"has-post-thumbnail","6":"product_cat-haori","7":"has_thumb","9":"first","10":"instock","11":"shipping-taxable","12":"purchasable","13":"product-type-simple"},"_links":{"self":[{"href":"https:\/\/www.kanoko.se\/index.php\/wp-json\/wp\/v2\/product\/7419","targetHints":{"allow":["GET"]}}],"collection":[{"href":"https:\/\/www.kanoko.se\/index.php\/wp-json\/wp\/v2\/product"}],"about":[{"href":"https:\/\/www.kanoko.se\/index.php\/wp-json\/wp\/v2\/types\/product"}],"replies":[{"embeddable":true,"href":"https:\/\/www.kanoko.se\/index.php\/wp-json\/wp\/v2\/comments?post=7419"}],"wp:featuredmedia":[{"embeddable":true,"href":"https:\/\/www.kanoko.se\/index.php\/wp-json\/wp\/v2\/media\/7420"}],"wp:attachment":[{"href":"https:\/\/www.kanoko.se\/index.php\/wp-json\/wp\/v2\/media?parent=7419"}],"wp:term":[{"taxonomy":"product_brand","embeddable":true,"href":"https:\/\/www.kanoko.se\/index.php\/wp-json\/wp\/v2\/product_brand?post=7419"},{"taxonomy":"product_cat","embeddable":true,"href":"https:\/\/www.kanoko.se\/index.php\/wp-json\/wp\/v2\/product_cat?post=7419"},{"taxonomy":"product_tag","embeddable":true,"href":"https:\/\/www.kanoko.se\/index.php\/wp-json\/wp\/v2\/product_tag?post=7419"}],"curies":[{"name":"wp","href":"https:\/\/api.w.org\/{rel}","templated":true}]}}