{"id":739,"date":"2015-07-01T21:22:06","date_gmt":"2015-07-01T19:22:06","guid":{"rendered":"http:\/\/www.kanoko.se\/?post_type=product&#038;p=739"},"modified":"2025-08-23T08:43:57","modified_gmt":"2025-08-23T06:43:57","slug":"tsukesage-1","status":"publish","type":"product","link":"https:\/\/www.kanoko.se\/index.php\/product\/tsukesage-1\/","title":{"rendered":"Tsukesage (01)"},"content":{"rendered":"<p><strong>\u00c5lder:<\/strong> Ungef\u00e4r 10 \u00e5r.<br \/>\n<strong>Teknik:<\/strong> Yuzen; <span class=\"st\">reservagef\u00e4rgning, handm\u00e5lning och delvis f\u00f6rgyllt.\u00a0\u00a0 Klicka \u2013&gt; <a href=\"https:\/\/www.youtube.com\/watch?v=MKG13KDqKj8\" target=\"_blank\" rel=\"noopener\">Film om yuzen-tekniken<\/a>.<\/span><br \/>\n<strong>Material:<\/strong> Siden.<br \/>\n<strong>Skick:<\/strong> Oanv\u00e4nd. Mycket bra<\/p>\n","protected":false},"excerpt":{"rendered":"<p>Priset: inklusive moms inom Sverige.<\/p>\n<p>Fri frakt inom Sverige vid k\u00f6p \u00f6ver \u00a01 500 kr<\/p>\n<p>inom Europa vid k\u00f6p \u00f6ver 2500kr (ca,250 euro).For free shipping please contact us before paying for the items.<\/p>\n","protected":false},"featured_media":0,"comment_status":"closed","ping_status":"closed","template":"","meta":[],"product_brand":[],"product_cat":[42],"product_tag":[],"class_list":{"0":"post-739","1":"product","2":"type-product","3":"status-publish","5":"product_cat-tsukesage","7":"first","8":"instock","9":"sold-individually","10":"shipping-taxable","11":"purchasable","12":"product-type-simple"},"_links":{"self":[{"href":"https:\/\/www.kanoko.se\/index.php\/wp-json\/wp\/v2\/product\/739","targetHints":{"allow":["GET"]}}],"collection":[{"href":"https:\/\/www.kanoko.se\/index.php\/wp-json\/wp\/v2\/product"}],"about":[{"href":"https:\/\/www.kanoko.se\/index.php\/wp-json\/wp\/v2\/types\/product"}],"replies":[{"embeddable":true,"href":"https:\/\/www.kanoko.se\/index.php\/wp-json\/wp\/v2\/comments?post=739"}],"wp:attachment":[{"href":"https:\/\/www.kanoko.se\/index.php\/wp-json\/wp\/v2\/media?parent=739"}],"wp:term":[{"taxonomy":"product_brand","embeddable":true,"href":"https:\/\/www.kanoko.se\/index.php\/wp-json\/wp\/v2\/product_brand?post=739"},{"taxonomy":"product_cat","embeddable":true,"href":"https:\/\/www.kanoko.se\/index.php\/wp-json\/wp\/v2\/product_cat?post=739"},{"taxonomy":"product_tag","embeddable":true,"href":"https:\/\/www.kanoko.se\/index.php\/wp-json\/wp\/v2\/product_tag?post=739"}],"curies":[{"name":"wp","href":"https:\/\/api.w.org\/{rel}","templated":true}]}}