{"id":6555,"date":"2023-09-22T13:05:38","date_gmt":"2023-09-22T11:05:38","guid":{"rendered":"http:\/\/www.kanoko.se\/?post_type=product&#038;p=6555"},"modified":"2025-12-09T22:02:39","modified_gmt":"2025-12-09T20:02:39","slug":"mans-kimono-och-haori-14","status":"publish","type":"product","link":"https:\/\/www.kanoko.se\/index.php\/product\/mans-kimono-och-haori-14\/","title":{"rendered":"Mans Kimono och Haori (14)"},"content":{"rendered":"<p><strong>\u00c5lder<\/strong>: Ungef\u00e4r 50-60 \u00e5r.<br \/>\n<strong>Teknik<\/strong>:Oshima Tsumugi-V\u00e4vd,m\u00f6rkbl\u00e5<\/p>\n<p>Handsydd och fodrad.Handm\u00e5lning p\u00e5 innetyget av haorin.<br \/>\n<strong>Material<\/strong>: \u00a0Siden 100%\u00a0:Oshima-tsumugi (v\u00e4vd siden,h\u00f6g kvalitet)<br \/>\nGl\u00e4nsande sidentyg.<\/p>\n<p><strong>Skick<\/strong>: M\u00f6jligen oanv\u00e4nt.Mycket bra.<\/p>\n<p><strong>M\u00e5tten<\/strong>: Bild 11 och 12<\/p>\n<p>*De flesta japanska l\u00e5nga kimono f\u00f6r men \u00e4r mycket kortare f\u00f6r de flesta v\u00e4sterl\u00e4ndska m\u00e4n.<br \/>\nS\u00e5 att den kan anv\u00e4ndas som en l\u00e5ng spring coat.<\/p>\n","protected":false},"excerpt":{"rendered":"<p><strong>Priset<\/strong>: inklusive moms inom Sverige.<\/p>\n<p><strong>Fri frakt inom Sverige<\/strong> vid k\u00f6p \u00f6ver \u00a01 500 kr<\/p>\n<p><strong>inom Europa<\/strong> vid k\u00f6p \u00f6ver 2500kr (ca,250 euro).For free shipping please contact us before paying for the items.<\/p>\n","protected":false},"featured_media":6556,"comment_status":"open","ping_status":"closed","template":"","meta":[],"product_brand":[],"product_cat":[110,33],"product_tag":[],"class_list":{"0":"post-6555","1":"product","2":"type-product","3":"status-publish","4":"has-post-thumbnail","6":"product_cat-haori-langkimono","7":"product_cat-man","8":"has_thumb","10":"first","11":"instock","12":"shipping-taxable","13":"purchasable","14":"product-type-simple"},"_links":{"self":[{"href":"https:\/\/www.kanoko.se\/index.php\/wp-json\/wp\/v2\/product\/6555","targetHints":{"allow":["GET"]}}],"collection":[{"href":"https:\/\/www.kanoko.se\/index.php\/wp-json\/wp\/v2\/product"}],"about":[{"href":"https:\/\/www.kanoko.se\/index.php\/wp-json\/wp\/v2\/types\/product"}],"replies":[{"embeddable":true,"href":"https:\/\/www.kanoko.se\/index.php\/wp-json\/wp\/v2\/comments?post=6555"}],"wp:featuredmedia":[{"embeddable":true,"href":"https:\/\/www.kanoko.se\/index.php\/wp-json\/wp\/v2\/media\/6556"}],"wp:attachment":[{"href":"https:\/\/www.kanoko.se\/index.php\/wp-json\/wp\/v2\/media?parent=6555"}],"wp:term":[{"taxonomy":"product_brand","embeddable":true,"href":"https:\/\/www.kanoko.se\/index.php\/wp-json\/wp\/v2\/product_brand?post=6555"},{"taxonomy":"product_cat","embeddable":true,"href":"https:\/\/www.kanoko.se\/index.php\/wp-json\/wp\/v2\/product_cat?post=6555"},{"taxonomy":"product_tag","embeddable":true,"href":"https:\/\/www.kanoko.se\/index.php\/wp-json\/wp\/v2\/product_tag?post=6555"}],"curies":[{"name":"wp","href":"https:\/\/api.w.org\/{rel}","templated":true}]}}