{"id":6186,"date":"2023-05-13T20:47:04","date_gmt":"2023-05-13T18:47:04","guid":{"rendered":"http:\/\/www.kanoko.se\/?post_type=product&#038;p=6186"},"modified":"2025-07-09T11:08:14","modified_gmt":"2025-07-09T09:08:14","slug":"18-rosa-blommor","status":"publish","type":"product","link":"https:\/\/www.kanoko.se\/index.php\/product\/18-rosa-blommor\/","title":{"rendered":"Komon (37) Rosa blommor"},"content":{"rendered":"<p><strong>Antik &amp; Retro<\/strong><\/p>\n<p><strong>\u00c5lder:<\/strong>\u00a0Ungef\u00e4r 70~80 \u00e5r<\/p>\n<p><strong>Teknik:<\/strong>\u00a0Handm\u00e5lning.<\/p>\n<p>Handsydd och fodrad.<\/p>\n<p><strong>Material<\/strong>: Siden 100%.Innetyget:bomull<\/p>\n<p><strong>M\u00e5tten<\/strong>: Bild 11<\/p>\n<p><strong>Skick<\/strong>: Begagnad. Bra<\/p>\n<p>*De flesta japanska kvinnas kimono \u00e4r ganska l\u00e5nga f\u00f6r att mitten av kimono vikas in inne i Obi-b\u00e4lte.<\/p>\n","protected":false},"excerpt":{"rendered":"<p>Priset: inklusive moms inom Sverige.<\/p>\n<p>Fri frakt inom Sverige vid k\u00f6p \u00f6ver \u00a01 500 kr<\/p>\n<p>inom Europa vid k\u00f6p \u00f6ver 2500kr (ca,250 euro).For free shipping please contact us before paying for the items.<\/p>\n","protected":false},"featured_media":6196,"comment_status":"open","ping_status":"closed","template":"","meta":[],"product_brand":[],"product_cat":[109,104],"product_tag":[],"class_list":{"0":"post-6186","1":"product","2":"type-product","3":"status-publish","4":"has-post-thumbnail","6":"product_cat-antik-retro","7":"product_cat-komon","8":"has_thumb","10":"first","11":"instock","12":"shipping-taxable","13":"purchasable","14":"product-type-simple"},"_links":{"self":[{"href":"https:\/\/www.kanoko.se\/index.php\/wp-json\/wp\/v2\/product\/6186","targetHints":{"allow":["GET"]}}],"collection":[{"href":"https:\/\/www.kanoko.se\/index.php\/wp-json\/wp\/v2\/product"}],"about":[{"href":"https:\/\/www.kanoko.se\/index.php\/wp-json\/wp\/v2\/types\/product"}],"replies":[{"embeddable":true,"href":"https:\/\/www.kanoko.se\/index.php\/wp-json\/wp\/v2\/comments?post=6186"}],"wp:featuredmedia":[{"embeddable":true,"href":"https:\/\/www.kanoko.se\/index.php\/wp-json\/wp\/v2\/media\/6196"}],"wp:attachment":[{"href":"https:\/\/www.kanoko.se\/index.php\/wp-json\/wp\/v2\/media?parent=6186"}],"wp:term":[{"taxonomy":"product_brand","embeddable":true,"href":"https:\/\/www.kanoko.se\/index.php\/wp-json\/wp\/v2\/product_brand?post=6186"},{"taxonomy":"product_cat","embeddable":true,"href":"https:\/\/www.kanoko.se\/index.php\/wp-json\/wp\/v2\/product_cat?post=6186"},{"taxonomy":"product_tag","embeddable":true,"href":"https:\/\/www.kanoko.se\/index.php\/wp-json\/wp\/v2\/product_tag?post=6186"}],"curies":[{"name":"wp","href":"https:\/\/api.w.org\/{rel}","templated":true}]}}