{"id":6158,"date":"2023-04-29T09:21:57","date_gmt":"2023-04-29T07:21:57","guid":{"rendered":"http:\/\/www.kanoko.se\/?post_type=product&#038;p=6158"},"modified":"2026-03-06T22:42:47","modified_gmt":"2026-03-06T20:42:47","slug":"tsukesage40-yuzen-rosa-orange","status":"publish","type":"product","link":"https:\/\/www.kanoko.se\/index.php\/product\/tsukesage40-yuzen-rosa-orange\/","title":{"rendered":"Tsukesage (40) Yuzen rosa orange"},"content":{"rendered":"<p><strong>\u00c5lder<\/strong>: Ungef\u00e4r 40~50 \u00e5r.<br \/>\n<strong>Teknik<\/strong>:F\u00e4rgad. Yuzen; reservagef\u00e4rgning och handm\u00e5lning.<\/p>\n<p>Klicka \u2013&gt;\u00a0<a href=\"https:\/\/www.youtube.com\/watch?v=MKG13KDqKj8\" target=\"_blank\" rel=\"noopener\">Film om yuzen-tekniken.<\/a><\/p>\n<p>Handsydd och fodrad.<\/p>\n<p><strong>Material<\/strong>\u00a0: Siden.(Chirimen silk,mjuk o lent)<br \/>\n<strong>Skick<\/strong>\u00a0: Begagnad. Mycket bra.<\/p>\n<p><strong>M\u00e5tten<\/strong>: Bild\u00a0(bild 12)<\/p>\n<p>*De flesta japanska kvinnas kimono \u00e4r ganska l\u00e5nga f\u00f6r att mitten av kimono vikas in inne i Obi-b\u00e4lte.<\/p>\n<p>Det finns samma bilder p\u00e5 samma kimono under b\u00e5de V\u00e5rkollektion och Tsukesage.<\/p>\n","protected":false},"excerpt":{"rendered":"<p><strong>Priset<\/strong>: inklusive moms inom Sverige.<\/p>\n<p><strong>Fri frakt<\/strong> inom Sverige vid k\u00f6p \u00f6ver \u00a01 500 kr<\/p>\n<p><strong>inom Europa<\/strong> vid k\u00f6p \u00f6ver 2500kr (ca,250 euro).For free shipping please contact us before paying for the items.<\/p>\n","protected":false},"featured_media":6228,"comment_status":"open","ping_status":"closed","template":"","meta":[],"product_brand":[],"product_cat":[42,83],"product_tag":[],"class_list":{"0":"post-6158","1":"product","2":"type-product","3":"status-publish","4":"has-post-thumbnail","6":"product_cat-tsukesage","7":"product_cat-varkollektion","8":"has_thumb","10":"first","11":"instock","12":"shipping-taxable","13":"purchasable","14":"product-type-simple"},"_links":{"self":[{"href":"https:\/\/www.kanoko.se\/index.php\/wp-json\/wp\/v2\/product\/6158","targetHints":{"allow":["GET"]}}],"collection":[{"href":"https:\/\/www.kanoko.se\/index.php\/wp-json\/wp\/v2\/product"}],"about":[{"href":"https:\/\/www.kanoko.se\/index.php\/wp-json\/wp\/v2\/types\/product"}],"replies":[{"embeddable":true,"href":"https:\/\/www.kanoko.se\/index.php\/wp-json\/wp\/v2\/comments?post=6158"}],"wp:featuredmedia":[{"embeddable":true,"href":"https:\/\/www.kanoko.se\/index.php\/wp-json\/wp\/v2\/media\/6228"}],"wp:attachment":[{"href":"https:\/\/www.kanoko.se\/index.php\/wp-json\/wp\/v2\/media?parent=6158"}],"wp:term":[{"taxonomy":"product_brand","embeddable":true,"href":"https:\/\/www.kanoko.se\/index.php\/wp-json\/wp\/v2\/product_brand?post=6158"},{"taxonomy":"product_cat","embeddable":true,"href":"https:\/\/www.kanoko.se\/index.php\/wp-json\/wp\/v2\/product_cat?post=6158"},{"taxonomy":"product_tag","embeddable":true,"href":"https:\/\/www.kanoko.se\/index.php\/wp-json\/wp\/v2\/product_tag?post=6158"}],"curies":[{"name":"wp","href":"https:\/\/api.w.org\/{rel}","templated":true}]}}