{"id":6130,"date":"2023-04-29T08:13:30","date_gmt":"2023-04-29T06:13:30","guid":{"rendered":"http:\/\/www.kanoko.se\/?post_type=product&#038;p=6130"},"modified":"2023-07-24T21:41:43","modified_gmt":"2023-07-24T19:41:43","slug":"furisode-19","status":"publish","type":"product","link":"https:\/\/www.kanoko.se\/index.php\/product\/furisode-19\/","title":{"rendered":"Furisode (19)"},"content":{"rendered":"<p><strong>Furisode\u00a0<\/strong>(med l\u00e5nga armarna)\u00e4r formella kimonos f\u00f6r kvinnor.<\/p>\n<p><strong>\u00c5lder<\/strong>: Ungef\u00e4r 60 \u00e5r.<br \/>\n<strong>Teknik<\/strong>:F\u00e4rgad. Handm\u00e5lning.<\/p>\n<p>F\u00f6rgyllda anv\u00e4nds.\u00a0Handsydd och fodrad.<\/p>\n<p>Vissa deler av m\u00f6nstren \u00e4r broderade (kinkoma broderie,outline stitches).<\/p>\n<p>Vissa delar av m\u00f6nster \u00e4r Shibori,Shibori,en japanska bind-batikf\u00e4rgning anv\u00e4nds.<\/p>\n<p><strong>Material<\/strong>\u00a0: Siden 100%.(Chirimen silk)<br \/>\n<strong>Skick:<\/strong>\u00a0Begagnad. Bra.Ljusa missf\u00e4rgninger omkring kragen (bild 16),ljusa vattenfl\u00e4cka p\u00e5 \u00e4rmen (bild 15) och ljus gulnat p\u00e5 ett st\u00e4lle i framsidan(bild 14) .<\/p>\n<p><strong>M\u00e5tten<\/strong>: Bild\u00a0(bild 17)<\/p>\n<p>*De flesta japanska kvinnas kimono \u00e4r ganska l\u00e5nga f\u00f6r att mitten av kimono vikas in inne i Obi-b\u00e4lte.<\/p>\n","protected":false},"excerpt":{"rendered":"<p>Priset: inklusive moms inom Sverige.<\/p>\n<p>Fri frakt inom Sverige vid k\u00f6p \u00f6ver \u00a01 000 kr<\/p>\n<p>Fri frakt inom Europa vid k\u00f6p \u00f6ver 2000kr (ca,200 euro)<\/p>\n","protected":false},"featured_media":6240,"comment_status":"open","ping_status":"closed","template":"","meta":[],"product_brand":[],"product_cat":[39],"product_tag":[],"class_list":{"0":"post-6130","1":"product","2":"type-product","3":"status-publish","4":"has-post-thumbnail","6":"product_cat-furisode","8":"first","9":"instock","10":"shipping-taxable","11":"purchasable","12":"product-type-simple"},"_links":{"self":[{"href":"https:\/\/www.kanoko.se\/index.php\/wp-json\/wp\/v2\/product\/6130","targetHints":{"allow":["GET"]}}],"collection":[{"href":"https:\/\/www.kanoko.se\/index.php\/wp-json\/wp\/v2\/product"}],"about":[{"href":"https:\/\/www.kanoko.se\/index.php\/wp-json\/wp\/v2\/types\/product"}],"replies":[{"embeddable":true,"href":"https:\/\/www.kanoko.se\/index.php\/wp-json\/wp\/v2\/comments?post=6130"}],"wp:featuredmedia":[{"embeddable":true,"href":"https:\/\/www.kanoko.se\/index.php\/wp-json\/wp\/v2\/media\/6240"}],"wp:attachment":[{"href":"https:\/\/www.kanoko.se\/index.php\/wp-json\/wp\/v2\/media?parent=6130"}],"wp:term":[{"taxonomy":"product_brand","embeddable":true,"href":"https:\/\/www.kanoko.se\/index.php\/wp-json\/wp\/v2\/product_brand?post=6130"},{"taxonomy":"product_cat","embeddable":true,"href":"https:\/\/www.kanoko.se\/index.php\/wp-json\/wp\/v2\/product_cat?post=6130"},{"taxonomy":"product_tag","embeddable":true,"href":"https:\/\/www.kanoko.se\/index.php\/wp-json\/wp\/v2\/product_tag?post=6130"}],"curies":[{"name":"wp","href":"https:\/\/api.w.org\/{rel}","templated":true}]}}