{"id":5975,"date":"2023-04-27T11:38:44","date_gmt":"2023-04-27T09:38:44","guid":{"rendered":"http:\/\/www.kanoko.se\/?post_type=product&#038;p=5975"},"modified":"2026-03-06T22:22:11","modified_gmt":"2026-03-06T20:22:11","slug":"35-tsukesage-korsbarsblom","status":"publish","type":"product","link":"https:\/\/www.kanoko.se\/index.php\/product\/35-tsukesage-korsbarsblom\/","title":{"rendered":"Tsukesage (35) k\u00f6rsb\u00e4rsblom"},"content":{"rendered":"<p><strong>\u00c5lder<\/strong>: Ungef\u00e4r \u00a040 \u00e5r.<br \/>\n<strong>Teknik<\/strong>:F\u00e4rgad. Handm\u00e5lning.<\/p>\n<p>F\u00f6rgyllda anv\u00e4nds.\u00a0Handsydd och fodrad.<\/p>\n<p><strong>Material<\/strong>\u00a0: Siden 100%.(len o mjuk)<br \/>\n<strong>Skick:<\/strong>\u00a0\u00a0Begagnad. Mycket bra.N\u00e5gra sm\u00e5 ljusa prickar i m\u00f6nster.(bild 14)<\/p>\n<p><strong>M\u00e5tten<\/strong>: Bild\u00a0(bild 15)<\/p>\n<p>*De flesta japanska kvinnas kimono \u00e4r ganska l\u00e5nga f\u00f6r att mitten av kimono vikas in inne i Obi-b\u00e4lte.<\/p>\n","protected":false},"excerpt":{"rendered":"<p><strong>Priset<\/strong>: inklusive moms inom Sverige.<\/p>\n<p><strong>Fri frakt<\/strong> inom Sverige vid k\u00f6p \u00f6ver \u00a01 500 kr<\/p>\n<p><strong>inom Europa<\/strong> vid k\u00f6p \u00f6ver 2500kr (ca,250 euro).For free shipping please contact us before paying for the items.<\/p>\n","protected":false},"featured_media":6231,"comment_status":"open","ping_status":"closed","template":"","meta":[],"product_brand":[],"product_cat":[42,83],"product_tag":[],"class_list":{"0":"post-5975","1":"product","2":"type-product","3":"status-publish","4":"has-post-thumbnail","6":"product_cat-tsukesage","7":"product_cat-varkollektion","8":"has_thumb","10":"first","11":"instock","12":"shipping-taxable","13":"purchasable","14":"product-type-simple"},"_links":{"self":[{"href":"https:\/\/www.kanoko.se\/index.php\/wp-json\/wp\/v2\/product\/5975","targetHints":{"allow":["GET"]}}],"collection":[{"href":"https:\/\/www.kanoko.se\/index.php\/wp-json\/wp\/v2\/product"}],"about":[{"href":"https:\/\/www.kanoko.se\/index.php\/wp-json\/wp\/v2\/types\/product"}],"replies":[{"embeddable":true,"href":"https:\/\/www.kanoko.se\/index.php\/wp-json\/wp\/v2\/comments?post=5975"}],"wp:featuredmedia":[{"embeddable":true,"href":"https:\/\/www.kanoko.se\/index.php\/wp-json\/wp\/v2\/media\/6231"}],"wp:attachment":[{"href":"https:\/\/www.kanoko.se\/index.php\/wp-json\/wp\/v2\/media?parent=5975"}],"wp:term":[{"taxonomy":"product_brand","embeddable":true,"href":"https:\/\/www.kanoko.se\/index.php\/wp-json\/wp\/v2\/product_brand?post=5975"},{"taxonomy":"product_cat","embeddable":true,"href":"https:\/\/www.kanoko.se\/index.php\/wp-json\/wp\/v2\/product_cat?post=5975"},{"taxonomy":"product_tag","embeddable":true,"href":"https:\/\/www.kanoko.se\/index.php\/wp-json\/wp\/v2\/product_tag?post=5975"}],"curies":[{"name":"wp","href":"https:\/\/api.w.org\/{rel}","templated":true}]}}