{"id":5785,"date":"2023-04-13T18:44:43","date_gmt":"2023-04-13T16:44:43","guid":{"rendered":"http:\/\/www.kanoko.se\/?post_type=product&#038;p=5785"},"modified":"2023-04-13T18:46:50","modified_gmt":"2023-04-13T16:46:50","slug":"nagoya-obi-11","status":"publish","type":"product","link":"https:\/\/www.kanoko.se\/index.php\/product\/nagoya-obi-11\/","title":{"rendered":"Nagoya Obi (11)"},"content":{"rendered":"<p><strong>Nagoya obi:<\/strong>Ett semi- formell obi-b\u00e4lte som \u00e4r ofta viks och sys ihop i ena \u00e4nden f\u00f6r att g\u00f6ra l\u00e4ttare att knyta.<\/p>\n<p><strong>\u00c5lder:<\/strong>\u00a0Ungef\u00e4r 80~100 \u00e5r,antik.<\/p>\n<p><strong>Teknik<\/strong>: Med v\u00e4vda och\u00a0broderade m\u00f6nster.<\/p>\n<p><strong>Material<\/strong>:siden och metal liknande tr\u00e5d<\/p>\n<p><strong>Skick<\/strong>: Begagnad. N\u00e5gra missf\u00e4rgningar.(bild 6 och \u00a07)<\/p>\n<p><strong>M\u00e5tten<\/strong>: Bild\u00a08<\/p>\n","protected":false},"excerpt":{"rendered":"<p>Priset: inklusive moms inom Sverige.<\/p>\n<p>Fri frakt inom Sverige vid k\u00f6p \u00f6ver 1 000 kr.<\/p>\n<p>Fri frakt inom Europa vid k\u00f6p \u00f6ver 2000kr (ca,200 euro).<\/p>\n","protected":false},"featured_media":5787,"comment_status":"open","ping_status":"closed","template":"","meta":[],"product_brand":[],"product_cat":[53,35],"product_tag":[],"class_list":{"0":"post-5785","1":"product","2":"type-product","3":"status-publish","4":"has-post-thumbnail","6":"product_cat-nagoya-obi","7":"product_cat-obi","8":"has_thumb","10":"first","11":"instock","12":"shipping-taxable","13":"purchasable","14":"product-type-simple"},"_links":{"self":[{"href":"https:\/\/www.kanoko.se\/index.php\/wp-json\/wp\/v2\/product\/5785","targetHints":{"allow":["GET"]}}],"collection":[{"href":"https:\/\/www.kanoko.se\/index.php\/wp-json\/wp\/v2\/product"}],"about":[{"href":"https:\/\/www.kanoko.se\/index.php\/wp-json\/wp\/v2\/types\/product"}],"replies":[{"embeddable":true,"href":"https:\/\/www.kanoko.se\/index.php\/wp-json\/wp\/v2\/comments?post=5785"}],"wp:featuredmedia":[{"embeddable":true,"href":"https:\/\/www.kanoko.se\/index.php\/wp-json\/wp\/v2\/media\/5787"}],"wp:attachment":[{"href":"https:\/\/www.kanoko.se\/index.php\/wp-json\/wp\/v2\/media?parent=5785"}],"wp:term":[{"taxonomy":"product_brand","embeddable":true,"href":"https:\/\/www.kanoko.se\/index.php\/wp-json\/wp\/v2\/product_brand?post=5785"},{"taxonomy":"product_cat","embeddable":true,"href":"https:\/\/www.kanoko.se\/index.php\/wp-json\/wp\/v2\/product_cat?post=5785"},{"taxonomy":"product_tag","embeddable":true,"href":"https:\/\/www.kanoko.se\/index.php\/wp-json\/wp\/v2\/product_tag?post=5785"}],"curies":[{"name":"wp","href":"https:\/\/api.w.org\/{rel}","templated":true}]}}