{"id":5750,"date":"2023-04-13T14:28:17","date_gmt":"2023-04-13T12:28:17","guid":{"rendered":"http:\/\/www.kanoko.se\/?post_type=product&#038;p=5750"},"modified":"2026-03-12T13:57:01","modified_gmt":"2026-03-12T11:57:01","slug":"nagoya-obi-08","status":"publish","type":"product","link":"https:\/\/www.kanoko.se\/index.php\/product\/nagoya-obi-08\/","title":{"rendered":"Nagoya Obi (08)"},"content":{"rendered":"<p><strong>Nagoya obi:<\/strong>Ett semi- formell obi-b\u00e4lte som \u00e4r ofta viks och sys ihop i ena \u00e4nden f\u00f6r att g\u00f6ra l\u00e4ttare att knyta.<\/p>\n<p><strong>\u00c5lder:<\/strong>\u00a0Ungef\u00e4r 80~90 \u00e5r,antik.<br \/>\n<strong>Teknik<\/strong>: Med v\u00e4vda m\u00f6nster.<\/p>\n<p><strong>Material<\/strong>:siden och metal liknande tr\u00e5d<\/p>\n<p><strong>Skick<\/strong>: Begagnad. Mycket bra\u00a0f\u00f6r \u00e5ldern<\/p>\n<p><strong>M\u00e5tten<\/strong>: Bild 6<\/p>\n","protected":false},"excerpt":{"rendered":"<p><strong>Priset<\/strong>: inklusive moms inom Sverige.<\/p>\n<p><strong>Fri frakt inom Sverige<\/strong> vid k\u00f6p \u00f6ver \u00a01 500 kr<\/p>\n<p><strong>inom Europa<\/strong> vid k\u00f6p \u00f6ver 2500kr (ca,250 euro).For free shipping please contact us before paying for the items.<\/p>\n","protected":false},"featured_media":5751,"comment_status":"open","ping_status":"closed","template":"","meta":[],"product_brand":[],"product_cat":[53,35],"product_tag":[],"class_list":{"0":"post-5750","1":"product","2":"type-product","3":"status-publish","4":"has-post-thumbnail","6":"product_cat-nagoya-obi","7":"product_cat-obi","8":"has_thumb","10":"first","11":"instock","12":"shipping-taxable","13":"purchasable","14":"product-type-simple"},"_links":{"self":[{"href":"https:\/\/www.kanoko.se\/index.php\/wp-json\/wp\/v2\/product\/5750","targetHints":{"allow":["GET"]}}],"collection":[{"href":"https:\/\/www.kanoko.se\/index.php\/wp-json\/wp\/v2\/product"}],"about":[{"href":"https:\/\/www.kanoko.se\/index.php\/wp-json\/wp\/v2\/types\/product"}],"replies":[{"embeddable":true,"href":"https:\/\/www.kanoko.se\/index.php\/wp-json\/wp\/v2\/comments?post=5750"}],"wp:featuredmedia":[{"embeddable":true,"href":"https:\/\/www.kanoko.se\/index.php\/wp-json\/wp\/v2\/media\/5751"}],"wp:attachment":[{"href":"https:\/\/www.kanoko.se\/index.php\/wp-json\/wp\/v2\/media?parent=5750"}],"wp:term":[{"taxonomy":"product_brand","embeddable":true,"href":"https:\/\/www.kanoko.se\/index.php\/wp-json\/wp\/v2\/product_brand?post=5750"},{"taxonomy":"product_cat","embeddable":true,"href":"https:\/\/www.kanoko.se\/index.php\/wp-json\/wp\/v2\/product_cat?post=5750"},{"taxonomy":"product_tag","embeddable":true,"href":"https:\/\/www.kanoko.se\/index.php\/wp-json\/wp\/v2\/product_tag?post=5750"}],"curies":[{"name":"wp","href":"https:\/\/api.w.org\/{rel}","templated":true}]}}