{"id":5736,"date":"2023-04-13T09:26:44","date_gmt":"2023-04-13T07:26:44","guid":{"rendered":"http:\/\/www.kanoko.se\/?post_type=product&#038;p=5736"},"modified":"2023-04-13T09:26:45","modified_gmt":"2023-04-13T07:26:45","slug":"nagoya-obi-06","status":"publish","type":"product","link":"https:\/\/www.kanoko.se\/index.php\/product\/nagoya-obi-06\/","title":{"rendered":"Nagoya Obi (06)"},"content":{"rendered":"<p><strong>Nagoya obi:<\/strong>Ett semi- formell obi-b\u00e4lte som \u00e4r ofta viks och sys ihop i ena \u00e4nden f\u00f6r att g\u00f6ra l\u00e4ttare att knyta.<\/p>\n<p><strong>\u00c5lder:<\/strong>\u00a0Ungef\u00e4r 40 \u00e5r<br \/>\n<strong>Teknik<\/strong>: M\u00e5lade med f\u00f6rgyllning.<\/p>\n<p><strong>Material<\/strong>:siden och guldl\u00f6v<\/p>\n<p><strong>Skick<\/strong>: Oanv\u00e4nt. Mycket bra.<\/p>\n<p><strong>M\u00e5tten<\/strong>: Bild 4<\/p>\n","protected":false},"excerpt":{"rendered":"<p>Priset: inklusive moms inom Sverige.<\/p>\n<p>Fri frakt inom Sverige vid k\u00f6p \u00f6ver 1 000 kr.<\/p>\n<p>Fri frakt inom Europa vid k\u00f6p \u00f6ver 2000kr (ca,200 euro).<\/p>\n","protected":false},"featured_media":5741,"comment_status":"open","ping_status":"closed","template":"","meta":[],"product_brand":[],"product_cat":[53,35],"product_tag":[],"class_list":{"0":"post-5736","1":"product","2":"type-product","3":"status-publish","4":"has-post-thumbnail","6":"product_cat-nagoya-obi","7":"product_cat-obi","8":"has_thumb","10":"first","11":"instock","12":"shipping-taxable","13":"purchasable","14":"product-type-simple"},"_links":{"self":[{"href":"https:\/\/www.kanoko.se\/index.php\/wp-json\/wp\/v2\/product\/5736","targetHints":{"allow":["GET"]}}],"collection":[{"href":"https:\/\/www.kanoko.se\/index.php\/wp-json\/wp\/v2\/product"}],"about":[{"href":"https:\/\/www.kanoko.se\/index.php\/wp-json\/wp\/v2\/types\/product"}],"replies":[{"embeddable":true,"href":"https:\/\/www.kanoko.se\/index.php\/wp-json\/wp\/v2\/comments?post=5736"}],"wp:featuredmedia":[{"embeddable":true,"href":"https:\/\/www.kanoko.se\/index.php\/wp-json\/wp\/v2\/media\/5741"}],"wp:attachment":[{"href":"https:\/\/www.kanoko.se\/index.php\/wp-json\/wp\/v2\/media?parent=5736"}],"wp:term":[{"taxonomy":"product_brand","embeddable":true,"href":"https:\/\/www.kanoko.se\/index.php\/wp-json\/wp\/v2\/product_brand?post=5736"},{"taxonomy":"product_cat","embeddable":true,"href":"https:\/\/www.kanoko.se\/index.php\/wp-json\/wp\/v2\/product_cat?post=5736"},{"taxonomy":"product_tag","embeddable":true,"href":"https:\/\/www.kanoko.se\/index.php\/wp-json\/wp\/v2\/product_tag?post=5736"}],"curies":[{"name":"wp","href":"https:\/\/api.w.org\/{rel}","templated":true}]}}