{"id":5688,"date":"2023-04-12T17:11:32","date_gmt":"2023-04-12T15:11:32","guid":{"rendered":"http:\/\/www.kanoko.se\/?post_type=product&#038;p=5688"},"modified":"2023-04-12T17:11:32","modified_gmt":"2023-04-12T15:11:32","slug":"fukuro-obi-22","status":"publish","type":"product","link":"https:\/\/www.kanoko.se\/index.php\/product\/fukuro-obi-22\/","title":{"rendered":"Fukuro Obi (22)"},"content":{"rendered":"<p><strong>\u00c5lder:<\/strong>\u00a0Ungef\u00e4r 40 \u00e5r.<br \/>\n<strong>Teknik<\/strong>: Med v\u00e4vda m\u00f6nster.<\/p>\n<p><strong>Material<\/strong>:siden och metal liknande tr\u00e5d<br \/>\n<strong>M\u00e5tten<\/strong>: l\u00e4ngd:420 cm bredde:31 cm. ca.111 cm utan m\u00f6nster f\u00f6r att Obis funktion att knyta.<\/p>\n<p><strong>Skick<\/strong>: Begagnad,Sp\u00e5r av viklinjer.(bild 2, 6 o 7)<\/p>\n","protected":false},"excerpt":{"rendered":"<p>Priset: inklusive moms inom Sverige.<\/p>\n<p>Fri frakt inom Sverige vid k\u00f6p \u00f6ver \u00a01 000 kr<\/p>\n<p>Fri frakt inom Europa vid k\u00f6p \u00f6ver 2000kr (ca,200 euro).<\/p>\n","protected":false},"featured_media":5689,"comment_status":"open","ping_status":"closed","template":"","meta":[],"product_brand":[],"product_cat":[52,35],"product_tag":[],"class_list":{"0":"post-5688","1":"product","2":"type-product","3":"status-publish","4":"has-post-thumbnail","6":"product_cat-fukuro-obi","7":"product_cat-obi","8":"has_thumb","10":"first","11":"instock","12":"shipping-taxable","13":"purchasable","14":"product-type-simple"},"_links":{"self":[{"href":"https:\/\/www.kanoko.se\/index.php\/wp-json\/wp\/v2\/product\/5688","targetHints":{"allow":["GET"]}}],"collection":[{"href":"https:\/\/www.kanoko.se\/index.php\/wp-json\/wp\/v2\/product"}],"about":[{"href":"https:\/\/www.kanoko.se\/index.php\/wp-json\/wp\/v2\/types\/product"}],"replies":[{"embeddable":true,"href":"https:\/\/www.kanoko.se\/index.php\/wp-json\/wp\/v2\/comments?post=5688"}],"wp:featuredmedia":[{"embeddable":true,"href":"https:\/\/www.kanoko.se\/index.php\/wp-json\/wp\/v2\/media\/5689"}],"wp:attachment":[{"href":"https:\/\/www.kanoko.se\/index.php\/wp-json\/wp\/v2\/media?parent=5688"}],"wp:term":[{"taxonomy":"product_brand","embeddable":true,"href":"https:\/\/www.kanoko.se\/index.php\/wp-json\/wp\/v2\/product_brand?post=5688"},{"taxonomy":"product_cat","embeddable":true,"href":"https:\/\/www.kanoko.se\/index.php\/wp-json\/wp\/v2\/product_cat?post=5688"},{"taxonomy":"product_tag","embeddable":true,"href":"https:\/\/www.kanoko.se\/index.php\/wp-json\/wp\/v2\/product_tag?post=5688"}],"curies":[{"name":"wp","href":"https:\/\/api.w.org\/{rel}","templated":true}]}}