{"id":5678,"date":"2023-04-12T14:34:15","date_gmt":"2023-04-12T12:34:15","guid":{"rendered":"http:\/\/www.kanoko.se\/?post_type=product&#038;p=5678"},"modified":"2023-04-12T14:34:15","modified_gmt":"2023-04-12T12:34:15","slug":"fukuro-obi-21","status":"publish","type":"product","link":"https:\/\/www.kanoko.se\/index.php\/product\/fukuro-obi-21\/","title":{"rendered":"Fukuro Obi (21)"},"content":{"rendered":"<p><strong>\u00c5lder:<\/strong>\u00a0Ungef\u00e4r 10~20 \u00e5r.<br \/>\n<strong>Material:<\/strong>\u00a0Siden.<br \/>\n<strong>Teknik<\/strong>: Saganishiki-v\u00e4vning,Med v\u00e4vda m\u00f6nster.<\/p>\n<p><strong>Material<\/strong>:siden och metal liknande tr\u00e5d,mjuk<br \/>\n<strong>M\u00e5tten<\/strong>: l\u00e4ngd:444 cm bredde:31 cm. ca.135 cm utan m\u00f6nster f\u00f6r att Obis funktion att knyta.<\/p>\n<p><strong>Skick<\/strong>: Oanv\u00e4nt. Mycket bra.<\/p>\n","protected":false},"excerpt":{"rendered":"<p>Priset: inklusive moms inom Sverige.<\/p>\n<p>Fri frakt inom Sverige vid k\u00f6p \u00f6ver \u00a01 000 kr<\/p>\n<p>Fri frakt inom Europa vid k\u00f6p \u00f6ver 2000kr (ca,200 euro).<\/p>\n","protected":false},"featured_media":5679,"comment_status":"open","ping_status":"closed","template":"","meta":[],"product_brand":[],"product_cat":[52,35],"product_tag":[],"class_list":{"0":"post-5678","1":"product","2":"type-product","3":"status-publish","4":"has-post-thumbnail","6":"product_cat-fukuro-obi","7":"product_cat-obi","8":"has_thumb","10":"first","11":"instock","12":"shipping-taxable","13":"purchasable","14":"product-type-simple"},"_links":{"self":[{"href":"https:\/\/www.kanoko.se\/index.php\/wp-json\/wp\/v2\/product\/5678","targetHints":{"allow":["GET"]}}],"collection":[{"href":"https:\/\/www.kanoko.se\/index.php\/wp-json\/wp\/v2\/product"}],"about":[{"href":"https:\/\/www.kanoko.se\/index.php\/wp-json\/wp\/v2\/types\/product"}],"replies":[{"embeddable":true,"href":"https:\/\/www.kanoko.se\/index.php\/wp-json\/wp\/v2\/comments?post=5678"}],"wp:featuredmedia":[{"embeddable":true,"href":"https:\/\/www.kanoko.se\/index.php\/wp-json\/wp\/v2\/media\/5679"}],"wp:attachment":[{"href":"https:\/\/www.kanoko.se\/index.php\/wp-json\/wp\/v2\/media?parent=5678"}],"wp:term":[{"taxonomy":"product_brand","embeddable":true,"href":"https:\/\/www.kanoko.se\/index.php\/wp-json\/wp\/v2\/product_brand?post=5678"},{"taxonomy":"product_cat","embeddable":true,"href":"https:\/\/www.kanoko.se\/index.php\/wp-json\/wp\/v2\/product_cat?post=5678"},{"taxonomy":"product_tag","embeddable":true,"href":"https:\/\/www.kanoko.se\/index.php\/wp-json\/wp\/v2\/product_tag?post=5678"}],"curies":[{"name":"wp","href":"https:\/\/api.w.org\/{rel}","templated":true}]}}