{"id":5629,"date":"2023-04-11T22:41:24","date_gmt":"2023-04-11T20:41:24","guid":{"rendered":"http:\/\/www.kanoko.se\/?post_type=product&#038;p=5629"},"modified":"2023-04-11T22:41:25","modified_gmt":"2023-04-11T20:41:25","slug":"fukuro-obi-14","status":"publish","type":"product","link":"https:\/\/www.kanoko.se\/index.php\/product\/fukuro-obi-14\/","title":{"rendered":"Fukuro Obi (14)"},"content":{"rendered":"<p><strong>\u00c5lder:<\/strong>\u00a0Ungef\u00e4r 30~40 \u00e5r.<br \/>\n<strong>Teknik<\/strong>: Med v\u00e4vda och\u00a0broderade m\u00f6nster.<\/p>\n<p><strong>Material<\/strong>:siden och metal liknande tr\u00e5d<br \/>\n<strong>M\u00e5tten<\/strong>: l\u00e4ngd:422 cm bredde:31 cm. ca.110 cm utan m\u00f6nster f\u00f6r att Obis funktion att knyta.<\/p>\n<p><strong>Skick<\/strong>:\u00a0Begagnad,n\u00e4stan som oanv\u00e4nt. Mycket bra.<\/p>\n","protected":false},"excerpt":{"rendered":"<p>Priset: inklusive moms inom Sverige.<\/p>\n<p>Fri frakt inom Sverige vid k\u00f6p \u00f6ver \u00a01 000 kr<\/p>\n<p>Fri frakt inom Europa vid k\u00f6p \u00f6ver 2000kr (ca,200 euro).<\/p>\n","protected":false},"featured_media":5631,"comment_status":"open","ping_status":"closed","template":"","meta":[],"product_brand":[],"product_cat":[52,35],"product_tag":[],"class_list":{"0":"post-5629","1":"product","2":"type-product","3":"status-publish","4":"has-post-thumbnail","6":"product_cat-fukuro-obi","7":"product_cat-obi","8":"has_thumb","10":"first","11":"instock","12":"shipping-taxable","13":"purchasable","14":"product-type-simple"},"_links":{"self":[{"href":"https:\/\/www.kanoko.se\/index.php\/wp-json\/wp\/v2\/product\/5629","targetHints":{"allow":["GET"]}}],"collection":[{"href":"https:\/\/www.kanoko.se\/index.php\/wp-json\/wp\/v2\/product"}],"about":[{"href":"https:\/\/www.kanoko.se\/index.php\/wp-json\/wp\/v2\/types\/product"}],"replies":[{"embeddable":true,"href":"https:\/\/www.kanoko.se\/index.php\/wp-json\/wp\/v2\/comments?post=5629"}],"wp:featuredmedia":[{"embeddable":true,"href":"https:\/\/www.kanoko.se\/index.php\/wp-json\/wp\/v2\/media\/5631"}],"wp:attachment":[{"href":"https:\/\/www.kanoko.se\/index.php\/wp-json\/wp\/v2\/media?parent=5629"}],"wp:term":[{"taxonomy":"product_brand","embeddable":true,"href":"https:\/\/www.kanoko.se\/index.php\/wp-json\/wp\/v2\/product_brand?post=5629"},{"taxonomy":"product_cat","embeddable":true,"href":"https:\/\/www.kanoko.se\/index.php\/wp-json\/wp\/v2\/product_cat?post=5629"},{"taxonomy":"product_tag","embeddable":true,"href":"https:\/\/www.kanoko.se\/index.php\/wp-json\/wp\/v2\/product_tag?post=5629"}],"curies":[{"name":"wp","href":"https:\/\/api.w.org\/{rel}","templated":true}]}}