{"id":5602,"date":"2023-04-11T19:33:34","date_gmt":"2023-04-11T17:33:34","guid":{"rendered":"http:\/\/www.kanoko.se\/?post_type=product&#038;p=5602"},"modified":"2023-04-12T21:45:58","modified_gmt":"2023-04-12T19:45:58","slug":"nagoya-obi-01","status":"publish","type":"product","link":"https:\/\/www.kanoko.se\/index.php\/product\/nagoya-obi-01\/","title":{"rendered":"Nagoya Obi (01)"},"content":{"rendered":"<p><strong>Nagoya obi:<\/strong>Ett semi- formell obi-b\u00e4lte som \u00e4r ofta viks och sys ihop i ena \u00e4nden f\u00f6r att g\u00f6ra l\u00e4ttare att knyta.<\/p>\n<p><strong>\u00c5lder:<\/strong>\u00a0Ungef\u00e4r 70~90 \u00e5r,antik.<br \/>\n<strong>Material:<\/strong>\u00a0Siden.<br \/>\n<strong>Teknik<\/strong>: Med v\u00e4vda och\u00a0broderade m\u00f6nster.<\/p>\n<p><strong>Material<\/strong>:siden och metal liknande tr\u00e5d<\/p>\n<p><strong>Skick<\/strong>: Begagnad. Mycket bra\u00a0f\u00f6r \u00e5ldern<\/p>\n<p><strong>M\u00e5tten<\/strong>: Bild\u00a011<\/p>\n","protected":false},"excerpt":{"rendered":"<p>Priset: inklusive moms inom Sverige.<\/p>\n<p>Fri frakt inom Sverige vid k\u00f6p \u00f6ver 1 000 kr.<\/p>\n<p>Fri frakt inom Europa vid k\u00f6p \u00f6ver 2000kr (ca,200 euro).<\/p>\n","protected":false},"featured_media":5603,"comment_status":"open","ping_status":"closed","template":"","meta":[],"product_brand":[],"product_cat":[53],"product_tag":[],"class_list":{"0":"post-5602","1":"product","2":"type-product","3":"status-publish","4":"has-post-thumbnail","6":"product_cat-nagoya-obi","7":"has_thumb","9":"first","10":"instock","11":"shipping-taxable","12":"purchasable","13":"product-type-simple"},"_links":{"self":[{"href":"https:\/\/www.kanoko.se\/index.php\/wp-json\/wp\/v2\/product\/5602","targetHints":{"allow":["GET"]}}],"collection":[{"href":"https:\/\/www.kanoko.se\/index.php\/wp-json\/wp\/v2\/product"}],"about":[{"href":"https:\/\/www.kanoko.se\/index.php\/wp-json\/wp\/v2\/types\/product"}],"replies":[{"embeddable":true,"href":"https:\/\/www.kanoko.se\/index.php\/wp-json\/wp\/v2\/comments?post=5602"}],"wp:featuredmedia":[{"embeddable":true,"href":"https:\/\/www.kanoko.se\/index.php\/wp-json\/wp\/v2\/media\/5603"}],"wp:attachment":[{"href":"https:\/\/www.kanoko.se\/index.php\/wp-json\/wp\/v2\/media?parent=5602"}],"wp:term":[{"taxonomy":"product_brand","embeddable":true,"href":"https:\/\/www.kanoko.se\/index.php\/wp-json\/wp\/v2\/product_brand?post=5602"},{"taxonomy":"product_cat","embeddable":true,"href":"https:\/\/www.kanoko.se\/index.php\/wp-json\/wp\/v2\/product_cat?post=5602"},{"taxonomy":"product_tag","embeddable":true,"href":"https:\/\/www.kanoko.se\/index.php\/wp-json\/wp\/v2\/product_tag?post=5602"}],"curies":[{"name":"wp","href":"https:\/\/api.w.org\/{rel}","templated":true}]}}