{"id":5552,"date":"2023-04-08T15:37:22","date_gmt":"2023-04-08T13:37:22","guid":{"rendered":"http:\/\/www.kanoko.se\/?post_type=product&#038;p=5552"},"modified":"2023-07-24T14:51:20","modified_gmt":"2023-07-24T12:51:20","slug":"31-furisode-off-white-blommor","status":"publish","type":"product","link":"https:\/\/www.kanoko.se\/index.php\/product\/31-furisode-off-white-blommor\/","title":{"rendered":"(31) Furisode Off white Blommor"},"content":{"rendered":"<p><strong>Cyu-Furisode\u00a0<\/strong>(med Medium-l\u00e5nga armarna)\u00e4r formella kimonos f\u00f6r kvinnor.<\/p>\n<p><strong>\u00c5lder<\/strong>: Ungef\u00e4r 50-60 \u00e5r.Semi antik.<br \/>\n<strong>Teknik<\/strong>:F\u00e4rgad. Handm\u00e5lning.<\/p>\n<p>F\u00f6rgyllda anv\u00e4nds.\u00a0Handsydd och fodrad.<\/p>\n<p>Vissa delar av m\u00f6nstren \u00e4r broderade (bild 7,18).<\/p>\n<p><strong>Material<\/strong>\u00a0: Siden 100%.(len o mjuk)<br \/>\n<strong>Skick:<\/strong>\u00a0Begagnad. Bra.N\u00e5gra sm\u00e5 prickar.(bild 10)<\/p>\n<p>Gamla prickar i innetyget(bild 11)<\/p>\n<p>Lite se bleknat ut av ljuset.<\/p>\n<p>Luktar lite gammalt.<\/p>\n<p><strong>M\u00e5tten<\/strong>: Bild\u00a0(bild 12)<\/p>\n<p>*De flesta japanska kvinnas kimono \u00e4r ganska l\u00e5nga f\u00f6r att mitten av kimono vikas in inne i Obi-b\u00e4lte.<\/p>\n<p>*Det finns samma bilder p\u00e5 samma kimono p\u00e5 b\u00e5de V\u00e5rkollektion och Furisode.<\/p>\n","protected":false},"excerpt":{"rendered":"<p>Priset: inklusive moms inom Sverige.<\/p>\n<p>Fri frakt inom Sverige vid k\u00f6p \u00f6ver \u00a01 000 kr<\/p>\n<p>Fri frakt inom Europa vid k\u00f6p \u00f6ver 2000kr (ca,200 euro).<\/p>\n","protected":false},"featured_media":6222,"comment_status":"open","ping_status":"closed","template":"","meta":[],"product_brand":[],"product_cat":[39,83],"product_tag":[],"class_list":{"0":"post-5552","1":"product","2":"type-product","3":"status-publish","4":"has-post-thumbnail","6":"product_cat-furisode","7":"product_cat-varkollektion","8":"has_thumb","10":"first","11":"instock","12":"shipping-taxable","13":"purchasable","14":"product-type-simple"},"_links":{"self":[{"href":"https:\/\/www.kanoko.se\/index.php\/wp-json\/wp\/v2\/product\/5552","targetHints":{"allow":["GET"]}}],"collection":[{"href":"https:\/\/www.kanoko.se\/index.php\/wp-json\/wp\/v2\/product"}],"about":[{"href":"https:\/\/www.kanoko.se\/index.php\/wp-json\/wp\/v2\/types\/product"}],"replies":[{"embeddable":true,"href":"https:\/\/www.kanoko.se\/index.php\/wp-json\/wp\/v2\/comments?post=5552"}],"wp:featuredmedia":[{"embeddable":true,"href":"https:\/\/www.kanoko.se\/index.php\/wp-json\/wp\/v2\/media\/6222"}],"wp:attachment":[{"href":"https:\/\/www.kanoko.se\/index.php\/wp-json\/wp\/v2\/media?parent=5552"}],"wp:term":[{"taxonomy":"product_brand","embeddable":true,"href":"https:\/\/www.kanoko.se\/index.php\/wp-json\/wp\/v2\/product_brand?post=5552"},{"taxonomy":"product_cat","embeddable":true,"href":"https:\/\/www.kanoko.se\/index.php\/wp-json\/wp\/v2\/product_cat?post=5552"},{"taxonomy":"product_tag","embeddable":true,"href":"https:\/\/www.kanoko.se\/index.php\/wp-json\/wp\/v2\/product_tag?post=5552"}],"curies":[{"name":"wp","href":"https:\/\/api.w.org\/{rel}","templated":true}]}}