{"id":5474,"date":"2023-04-07T11:21:01","date_gmt":"2023-04-07T09:21:01","guid":{"rendered":"http:\/\/www.kanoko.se\/?post_type=product&#038;p=5474"},"modified":"2025-07-09T11:46:37","modified_gmt":"2025-07-09T09:46:37","slug":"24-rosa-plommonblomma","status":"publish","type":"product","link":"https:\/\/www.kanoko.se\/index.php\/product\/24-rosa-plommonblomma\/","title":{"rendered":"Komon (39)Rosa plommonblomma"},"content":{"rendered":"<p><strong>Komon<\/strong><\/p>\n<p><strong>\u00c5lder<\/strong>: Ungef\u00e4r 50 \u00e5r.<br \/>\n<strong>Teknik<\/strong>:F\u00e4rgad. Handm\u00e5lning.<\/p>\n<p>F\u00f6rgyllda anv\u00e4nds.\u00a0Handsydd och fodrad.<\/p>\n<p><strong>Material<\/strong>\u00a0: Siden 100%.(Chirimen silk)<br \/>\n<strong>Skick:<\/strong>\u00a0Begagnad,n\u00e4stan som oanv\u00e4nt.<\/p>\n<p><strong>M\u00e5tten<\/strong>: Bild\u00a0(bild 10)<\/p>\n<p>*De flesta japanska kvinnas kimono \u00e4r ganska l\u00e5nga f\u00f6r att mitten av kimono vikas in inne i Obi-b\u00e4lte.<\/p>\n<p>&nbsp;<\/p>\n","protected":false},"excerpt":{"rendered":"<p>Priset: inklusive moms inom Sverige.<\/p>\n<p>Fri frakt inom Sverige vid k\u00f6p \u00f6ver \u00a01 500 kr<\/p>\n<p>inom Europa vid k\u00f6p \u00f6ver 2500kr (ca,250 euro).For free shipping please contact us before paying for the items.<\/p>\n","protected":false},"featured_media":5475,"comment_status":"open","ping_status":"closed","template":"","meta":[],"product_brand":[],"product_cat":[104,105],"product_tag":[],"class_list":{"0":"post-5474","1":"product","2":"type-product","3":"status-publish","4":"has-post-thumbnail","6":"product_cat-komon","7":"product_cat-kvinnor","8":"has_thumb","10":"first","11":"instock","12":"shipping-taxable","13":"purchasable","14":"product-type-simple"},"_links":{"self":[{"href":"https:\/\/www.kanoko.se\/index.php\/wp-json\/wp\/v2\/product\/5474","targetHints":{"allow":["GET"]}}],"collection":[{"href":"https:\/\/www.kanoko.se\/index.php\/wp-json\/wp\/v2\/product"}],"about":[{"href":"https:\/\/www.kanoko.se\/index.php\/wp-json\/wp\/v2\/types\/product"}],"replies":[{"embeddable":true,"href":"https:\/\/www.kanoko.se\/index.php\/wp-json\/wp\/v2\/comments?post=5474"}],"wp:featuredmedia":[{"embeddable":true,"href":"https:\/\/www.kanoko.se\/index.php\/wp-json\/wp\/v2\/media\/5475"}],"wp:attachment":[{"href":"https:\/\/www.kanoko.se\/index.php\/wp-json\/wp\/v2\/media?parent=5474"}],"wp:term":[{"taxonomy":"product_brand","embeddable":true,"href":"https:\/\/www.kanoko.se\/index.php\/wp-json\/wp\/v2\/product_brand?post=5474"},{"taxonomy":"product_cat","embeddable":true,"href":"https:\/\/www.kanoko.se\/index.php\/wp-json\/wp\/v2\/product_cat?post=5474"},{"taxonomy":"product_tag","embeddable":true,"href":"https:\/\/www.kanoko.se\/index.php\/wp-json\/wp\/v2\/product_tag?post=5474"}],"curies":[{"name":"wp","href":"https:\/\/api.w.org\/{rel}","templated":true}]}}