{"id":543,"date":"2015-05-28T01:36:09","date_gmt":"2015-05-27T23:36:09","guid":{"rendered":"http:\/\/www.kanoko.se\/?post_type=product&#038;p=543"},"modified":"2023-04-01T21:52:14","modified_gmt":"2023-04-01T19:52:14","slug":"fukuro-obi-9","status":"publish","type":"product","link":"https:\/\/www.kanoko.se\/index.php\/product\/fukuro-obi-9\/","title":{"rendered":"Fukuro Obi (09)"},"content":{"rendered":"<p><strong>\u00c5lder:<\/strong> Ungef\u00e4r 30~40 \u00e5r.<br \/>\n<strong>Material:<\/strong> Siden.<br \/>\n<strong>Teknik<\/strong>: V\u00e4vd.<br \/>\n<strong>Skick:<\/strong> N\u00e5gra sm\u00e5, ljusa fl\u00e4ckar (bild 3).<\/p>\n","protected":false},"excerpt":{"rendered":"<p>Priset: inklusive moms inom Sverige.<\/p>\n<p>Fri frakt inom Sverige vid k\u00f6p \u00f6ver 1 000 kr.<\/p>\n<p>Fri frakt inom Europa vid k\u00f6p \u00f6ver 2 000 kr.<\/p>\n","protected":false},"featured_media":544,"comment_status":"closed","ping_status":"closed","template":"","meta":[],"product_brand":[],"product_cat":[52,35],"product_tag":[],"class_list":{"0":"post-543","1":"product","2":"type-product","3":"status-publish","4":"has-post-thumbnail","6":"product_cat-fukuro-obi","7":"product_cat-obi","8":"has_thumb","10":"first","11":"instock","12":"sold-individually","13":"shipping-taxable","14":"purchasable","15":"product-type-simple"},"_links":{"self":[{"href":"https:\/\/www.kanoko.se\/index.php\/wp-json\/wp\/v2\/product\/543","targetHints":{"allow":["GET"]}}],"collection":[{"href":"https:\/\/www.kanoko.se\/index.php\/wp-json\/wp\/v2\/product"}],"about":[{"href":"https:\/\/www.kanoko.se\/index.php\/wp-json\/wp\/v2\/types\/product"}],"replies":[{"embeddable":true,"href":"https:\/\/www.kanoko.se\/index.php\/wp-json\/wp\/v2\/comments?post=543"}],"wp:featuredmedia":[{"embeddable":true,"href":"https:\/\/www.kanoko.se\/index.php\/wp-json\/wp\/v2\/media\/544"}],"wp:attachment":[{"href":"https:\/\/www.kanoko.se\/index.php\/wp-json\/wp\/v2\/media?parent=543"}],"wp:term":[{"taxonomy":"product_brand","embeddable":true,"href":"https:\/\/www.kanoko.se\/index.php\/wp-json\/wp\/v2\/product_brand?post=543"},{"taxonomy":"product_cat","embeddable":true,"href":"https:\/\/www.kanoko.se\/index.php\/wp-json\/wp\/v2\/product_cat?post=543"},{"taxonomy":"product_tag","embeddable":true,"href":"https:\/\/www.kanoko.se\/index.php\/wp-json\/wp\/v2\/product_tag?post=543"}],"curies":[{"name":"wp","href":"https:\/\/api.w.org\/{rel}","templated":true}]}}