{"id":5367,"date":"2023-04-06T16:57:38","date_gmt":"2023-04-06T14:57:38","guid":{"rendered":"http:\/\/www.kanoko.se\/?post_type=product&#038;p=5367"},"modified":"2023-04-06T16:57:39","modified_gmt":"2023-04-06T14:57:39","slug":"22-furisode-blommor","status":"publish","type":"product","link":"https:\/\/www.kanoko.se\/index.php\/product\/22-furisode-blommor\/","title":{"rendered":"(22) Furisode Blommor"},"content":{"rendered":"<p><strong>Furisode\u00a0<\/strong>(med l\u00e5nga armarna)\u00e4r formella kimonos f\u00f6r kvinnor.<\/p>\n<p><strong>\u00c5lder<\/strong>: Ungef\u00e4r 60-70 \u00e5r.Semi antik.<br \/>\n<strong>Teknik<\/strong>:F\u00e4rgad. Handm\u00e5lning.<\/p>\n<p>F\u00f6rgyllda anv\u00e4nds.\u00a0Handsydd och fodrad.<\/p>\n<p>Vissa delar av m\u00f6nstren \u00e4r broderade (bild 9,10).<\/p>\n<p><strong>Material<\/strong>\u00a0: Siden 100%.(Chirimen silk,mjuk)<br \/>\n<strong>Skick:<\/strong>\u00a0Begagnad. Bra.N\u00e5gra sm\u00e5 prickar i ryggen och \u00e4rmerna.(bild 12,13 o 14\u00a0)<\/p>\n<p>Gamla missf\u00e4rgningar eller f\u00e4rg\u00e4ndringar i innetyget(bild 15)<\/p>\n<p><strong>M\u00e5tten<\/strong>: Bild\u00a0(bild 16)<\/p>\n<p>*De flesta japanska kvinnas kimono \u00e4r ganska l\u00e5nga f\u00f6r att mitten av kimono vikas in inne i Obi-b\u00e4lte.<\/p>\n<p>*Det finns samma bilder p\u00e5 samma kimono p\u00e5 b\u00e5de V\u00e5rkollektion och Furisode.<\/p>\n","protected":false},"excerpt":{"rendered":"<p>Priset: inklusive moms inom Sverige.<\/p>\n<p>Fri frakt inom Sverige vid k\u00f6p \u00f6ver \u00a01 000 kr<\/p>\n<p>Fri frakt inom Europa vid k\u00f6p \u00f6ver 2000kr (ca,200 euro).<\/p>\n","protected":false},"featured_media":5368,"comment_status":"open","ping_status":"closed","template":"","meta":[],"product_brand":[],"product_cat":[39,83],"product_tag":[],"class_list":{"0":"post-5367","1":"product","2":"type-product","3":"status-publish","4":"has-post-thumbnail","6":"product_cat-furisode","7":"product_cat-varkollektion","9":"first","10":"instock","11":"shipping-taxable","12":"purchasable","13":"product-type-simple"},"_links":{"self":[{"href":"https:\/\/www.kanoko.se\/index.php\/wp-json\/wp\/v2\/product\/5367","targetHints":{"allow":["GET"]}}],"collection":[{"href":"https:\/\/www.kanoko.se\/index.php\/wp-json\/wp\/v2\/product"}],"about":[{"href":"https:\/\/www.kanoko.se\/index.php\/wp-json\/wp\/v2\/types\/product"}],"replies":[{"embeddable":true,"href":"https:\/\/www.kanoko.se\/index.php\/wp-json\/wp\/v2\/comments?post=5367"}],"wp:featuredmedia":[{"embeddable":true,"href":"https:\/\/www.kanoko.se\/index.php\/wp-json\/wp\/v2\/media\/5368"}],"wp:attachment":[{"href":"https:\/\/www.kanoko.se\/index.php\/wp-json\/wp\/v2\/media?parent=5367"}],"wp:term":[{"taxonomy":"product_brand","embeddable":true,"href":"https:\/\/www.kanoko.se\/index.php\/wp-json\/wp\/v2\/product_brand?post=5367"},{"taxonomy":"product_cat","embeddable":true,"href":"https:\/\/www.kanoko.se\/index.php\/wp-json\/wp\/v2\/product_cat?post=5367"},{"taxonomy":"product_tag","embeddable":true,"href":"https:\/\/www.kanoko.se\/index.php\/wp-json\/wp\/v2\/product_tag?post=5367"}],"curies":[{"name":"wp","href":"https:\/\/api.w.org\/{rel}","templated":true}]}}