{"id":536,"date":"2015-05-28T01:19:30","date_gmt":"2015-05-27T23:19:30","guid":{"rendered":"http:\/\/www.kanoko.se\/?post_type=product&#038;p=536"},"modified":"2023-04-11T18:42:47","modified_gmt":"2023-04-11T16:42:47","slug":"fukuro-obi-7","status":"publish","type":"product","link":"https:\/\/www.kanoko.se\/index.php\/product\/fukuro-obi-7\/","title":{"rendered":"Fukuro Obi (07)"},"content":{"rendered":"<p><strong>\u00c5lder:<\/strong> Ungef\u00e4r\u300080~90 \u00e5r,antik<br \/>\n<strong>Material:<\/strong> Syntetiskt siden (konstsiden, rayon).<br \/>\n<strong>Skick<\/strong>: Begagnad. Mycket bra med tanke p\u00e5 att den den \u00e4r antik. N\u00e5gra sm\u00e5, ljusa fl\u00e4ckar som inte syns s\u00e5 mycket. M\u00f6nstret g\u00e5r genom b\u00e4ltet, som \u00e4r v\u00e4ndbart.<\/p>\n","protected":false},"excerpt":{"rendered":"<p>Priset: inklusive moms inom Sverige.<\/p>\n<p>Fri frakt inom Sverige vid k\u00f6p \u00f6ver 1 000 kr.<\/p>\n<p>Fri frakt inom Europa vid k\u00f6p \u00f6ver 2 000 kr.<\/p>\n","protected":false},"featured_media":0,"comment_status":"closed","ping_status":"closed","template":"","meta":[],"product_brand":[],"product_cat":[52,35],"product_tag":[],"class_list":{"0":"post-536","1":"product","2":"type-product","3":"status-publish","5":"product_cat-fukuro-obi","6":"product_cat-obi","8":"first","9":"instock","10":"sold-individually","11":"shipping-taxable","12":"purchasable","13":"product-type-simple"},"_links":{"self":[{"href":"https:\/\/www.kanoko.se\/index.php\/wp-json\/wp\/v2\/product\/536","targetHints":{"allow":["GET"]}}],"collection":[{"href":"https:\/\/www.kanoko.se\/index.php\/wp-json\/wp\/v2\/product"}],"about":[{"href":"https:\/\/www.kanoko.se\/index.php\/wp-json\/wp\/v2\/types\/product"}],"replies":[{"embeddable":true,"href":"https:\/\/www.kanoko.se\/index.php\/wp-json\/wp\/v2\/comments?post=536"}],"wp:attachment":[{"href":"https:\/\/www.kanoko.se\/index.php\/wp-json\/wp\/v2\/media?parent=536"}],"wp:term":[{"taxonomy":"product_brand","embeddable":true,"href":"https:\/\/www.kanoko.se\/index.php\/wp-json\/wp\/v2\/product_brand?post=536"},{"taxonomy":"product_cat","embeddable":true,"href":"https:\/\/www.kanoko.se\/index.php\/wp-json\/wp\/v2\/product_cat?post=536"},{"taxonomy":"product_tag","embeddable":true,"href":"https:\/\/www.kanoko.se\/index.php\/wp-json\/wp\/v2\/product_tag?post=536"}],"curies":[{"name":"wp","href":"https:\/\/api.w.org\/{rel}","templated":true}]}}