{"id":5333,"date":"2023-04-01T23:40:04","date_gmt":"2023-04-01T21:40:04","guid":{"rendered":"http:\/\/www.kanoko.se\/?post_type=product&#038;p=5333"},"modified":"2023-04-01T23:48:30","modified_gmt":"2023-04-01T21:48:30","slug":"fukuro-obi-05","status":"publish","type":"product","link":"https:\/\/www.kanoko.se\/index.php\/product\/fukuro-obi-05\/","title":{"rendered":"Fukuro Obi (05)"},"content":{"rendered":"<p><strong>\u00c5lder:<\/strong>\u00a0Ungef\u00e4r 40 \u00e5r.<br \/>\n<strong>Material:<\/strong>\u00a0Siden.<br \/>\n<strong>Teknik<\/strong>: Med v\u00e4vda och\u00a0broderade m\u00f6nster.<\/p>\n<p><strong>Material<\/strong>:siden och metal liknande tr\u00e5d<br \/>\n<strong>M\u00e5tten<\/strong>: l\u00e4ngd:425 cm bredde:31 cm. ca.1m utan m\u00f6nster f\u00f6r att Obis funktion att knyta.<\/p>\n<p><strong>Skick<\/strong>: M\u00f6jligen oanv\u00e4nt. Bra\u00a0f\u00f6r \u00e5ldern.<span class=\"\">N\u00e5gra sm\u00e5 prickar.<\/span><span class=\"\">(bild 5<\/span><span class=\"\">)<\/span><\/p>\n","protected":false},"excerpt":{"rendered":"<p>Priset: inklusive moms inom Sverige.<\/p>\n<p>Fri frakt inom Sverige vid k\u00f6p \u00f6ver 1 000 kr.<\/p>\n<p>Fri frakt inom Europa vid k\u00f6p \u00f6ver 2 000 kr.<\/p>\n","protected":false},"featured_media":5334,"comment_status":"open","ping_status":"closed","template":"","meta":[],"product_brand":[],"product_cat":[52],"product_tag":[],"class_list":{"0":"post-5333","1":"product","2":"type-product","3":"status-publish","4":"has-post-thumbnail","6":"product_cat-fukuro-obi","7":"has_thumb","9":"first","10":"instock","11":"shipping-taxable","12":"purchasable","13":"product-type-simple"},"_links":{"self":[{"href":"https:\/\/www.kanoko.se\/index.php\/wp-json\/wp\/v2\/product\/5333","targetHints":{"allow":["GET"]}}],"collection":[{"href":"https:\/\/www.kanoko.se\/index.php\/wp-json\/wp\/v2\/product"}],"about":[{"href":"https:\/\/www.kanoko.se\/index.php\/wp-json\/wp\/v2\/types\/product"}],"replies":[{"embeddable":true,"href":"https:\/\/www.kanoko.se\/index.php\/wp-json\/wp\/v2\/comments?post=5333"}],"wp:featuredmedia":[{"embeddable":true,"href":"https:\/\/www.kanoko.se\/index.php\/wp-json\/wp\/v2\/media\/5334"}],"wp:attachment":[{"href":"https:\/\/www.kanoko.se\/index.php\/wp-json\/wp\/v2\/media?parent=5333"}],"wp:term":[{"taxonomy":"product_brand","embeddable":true,"href":"https:\/\/www.kanoko.se\/index.php\/wp-json\/wp\/v2\/product_brand?post=5333"},{"taxonomy":"product_cat","embeddable":true,"href":"https:\/\/www.kanoko.se\/index.php\/wp-json\/wp\/v2\/product_cat?post=5333"},{"taxonomy":"product_tag","embeddable":true,"href":"https:\/\/www.kanoko.se\/index.php\/wp-json\/wp\/v2\/product_tag?post=5333"}],"curies":[{"name":"wp","href":"https:\/\/api.w.org\/{rel}","templated":true}]}}