{"id":4977,"date":"2023-01-27T21:37:29","date_gmt":"2023-01-27T19:37:29","guid":{"rendered":"http:\/\/www.kanoko.se\/?post_type=product&#038;p=4977"},"modified":"2024-02-18T22:16:54","modified_gmt":"2024-02-18T20:16:54","slug":"kimono-01-2","status":"publish","type":"product","link":"https:\/\/www.kanoko.se\/index.php\/product\/kimono-01-2\/","title":{"rendered":"Kimono (01)"},"content":{"rendered":"<p><strong>\u00c5lder<\/strong>: Ungef\u00e4r 50~60 \u00e5r.<br \/>\n<strong>Teknik<\/strong>: V\u00e4vd,Tsumugi silke \u00e4r v\u00e4vt tyg och tillverkat av vild silkefiber som \u00e4r kortare.<\/p>\n<p>Handsydd och fodrad.<\/p>\n<p><strong>Material<\/strong>: Siden 100%.tsumugi (v\u00e4vd siden) ,innetyget:bomull.<br \/>\n<strong>Skick<\/strong>: Begagnad.Mycket bra.<\/p>\n<p><strong>M\u00e5tten<\/strong>: Bild 3, kort<\/p>\n<p>*De flesta japanska l\u00e5nga kimono f\u00f6r m\u00e4n \u00e4r mycket kortare f\u00f6r de flesta v\u00e4sterl\u00e4ndska m\u00e4n.<br \/>\nS\u00e5 att den b\u00e4rs under Hakama-byxar elle kan anv\u00e4ndas som en l\u00e5ng spring coat.<\/p>\n<p>&nbsp;<\/p>\n<p>&nbsp;<\/p>\n","protected":false},"excerpt":{"rendered":"<p><strong>Priset:<\/strong>\u00a0inklusive moms.<\/p>\n<p><strong>Fri frakt<\/strong>\u00a0inom Sverige vid k\u00f6p \u00f6ver 1 000 kr.<\/p>\n<p><strong>Fri frakt<\/strong>\u00a0inom Europa vid k\u00f6p \u00f6ver 2 000 kr.<\/p>\n","protected":false},"featured_media":4978,"comment_status":"open","ping_status":"closed","template":"","meta":[],"product_brand":[],"product_cat":[48],"product_tag":[],"class_list":{"0":"post-4977","1":"product","2":"type-product","3":"status-publish","4":"has-post-thumbnail","6":"product_cat-kimono","7":"has_thumb","9":"first","10":"outofstock","11":"shipping-taxable","12":"purchasable","13":"product-type-simple"},"_links":{"self":[{"href":"https:\/\/www.kanoko.se\/index.php\/wp-json\/wp\/v2\/product\/4977","targetHints":{"allow":["GET"]}}],"collection":[{"href":"https:\/\/www.kanoko.se\/index.php\/wp-json\/wp\/v2\/product"}],"about":[{"href":"https:\/\/www.kanoko.se\/index.php\/wp-json\/wp\/v2\/types\/product"}],"replies":[{"embeddable":true,"href":"https:\/\/www.kanoko.se\/index.php\/wp-json\/wp\/v2\/comments?post=4977"}],"wp:featuredmedia":[{"embeddable":true,"href":"https:\/\/www.kanoko.se\/index.php\/wp-json\/wp\/v2\/media\/4978"}],"wp:attachment":[{"href":"https:\/\/www.kanoko.se\/index.php\/wp-json\/wp\/v2\/media?parent=4977"}],"wp:term":[{"taxonomy":"product_brand","embeddable":true,"href":"https:\/\/www.kanoko.se\/index.php\/wp-json\/wp\/v2\/product_brand?post=4977"},{"taxonomy":"product_cat","embeddable":true,"href":"https:\/\/www.kanoko.se\/index.php\/wp-json\/wp\/v2\/product_cat?post=4977"},{"taxonomy":"product_tag","embeddable":true,"href":"https:\/\/www.kanoko.se\/index.php\/wp-json\/wp\/v2\/product_tag?post=4977"}],"curies":[{"name":"wp","href":"https:\/\/api.w.org\/{rel}","templated":true}]}}