{"id":4970,"date":"2023-01-27T21:18:38","date_gmt":"2023-01-27T19:18:38","guid":{"rendered":"http:\/\/www.kanoko.se\/?post_type=product&#038;p=4970"},"modified":"2026-04-22T10:37:46","modified_gmt":"2026-04-22T08:37:46","slug":"mans-haori-08","status":"publish","type":"product","link":"https:\/\/www.kanoko.se\/index.php\/product\/mans-haori-08\/","title":{"rendered":"Mans Haori (08)"},"content":{"rendered":"<p><strong>\u00c5lder<\/strong>: Ungef\u00e4r 50~60 \u00e5r.<br \/>\n<strong>Teknik<\/strong>:Oshima Tsumugi-V\u00e4vd,m\u00f6rkbl\u00e5<\/p>\n<p>Handsydd och fodrad.<br \/>\n<strong>Material<\/strong>: Siden 100%.:Oshima-tsumugi (v\u00e4vd siden)\u00a0Tsumugi silke \u00e4r v\u00e4vt tyg och tillverkat av vild silkefiber.<br \/>\nGl\u00e4nsande sidentyg.<\/p>\n<p><strong>Skick<\/strong>: Begagnad.Mycket bra.<\/p>\n<p><strong>M\u00e5tten<\/strong>: Bild 6<\/p>\n","protected":false},"excerpt":{"rendered":"<p><strong>Priset:<\/strong> inklusive moms inom Sverige.<\/p>\n<p><strong>Fri frakt<\/strong> inom Sverige vid k\u00f6p \u00f6ver \u00a01 500 kr<\/p>\n<p><strong>inom Europa<\/strong> vid k\u00f6p \u00f6ver 2500kr (ca,250 euro).For free shipping please contact us before paying for the items.<\/p>\n","protected":false},"featured_media":4971,"comment_status":"open","ping_status":"closed","template":"","meta":[],"product_brand":[],"product_cat":[47],"product_tag":[],"class_list":{"0":"post-4970","1":"product","2":"type-product","3":"status-publish","4":"has-post-thumbnail","6":"product_cat-haori-man","7":"has_thumb","9":"first","10":"instock","11":"shipping-taxable","12":"purchasable","13":"product-type-simple"},"_links":{"self":[{"href":"https:\/\/www.kanoko.se\/index.php\/wp-json\/wp\/v2\/product\/4970","targetHints":{"allow":["GET"]}}],"collection":[{"href":"https:\/\/www.kanoko.se\/index.php\/wp-json\/wp\/v2\/product"}],"about":[{"href":"https:\/\/www.kanoko.se\/index.php\/wp-json\/wp\/v2\/types\/product"}],"replies":[{"embeddable":true,"href":"https:\/\/www.kanoko.se\/index.php\/wp-json\/wp\/v2\/comments?post=4970"}],"wp:featuredmedia":[{"embeddable":true,"href":"https:\/\/www.kanoko.se\/index.php\/wp-json\/wp\/v2\/media\/4971"}],"wp:attachment":[{"href":"https:\/\/www.kanoko.se\/index.php\/wp-json\/wp\/v2\/media?parent=4970"}],"wp:term":[{"taxonomy":"product_brand","embeddable":true,"href":"https:\/\/www.kanoko.se\/index.php\/wp-json\/wp\/v2\/product_brand?post=4970"},{"taxonomy":"product_cat","embeddable":true,"href":"https:\/\/www.kanoko.se\/index.php\/wp-json\/wp\/v2\/product_cat?post=4970"},{"taxonomy":"product_tag","embeddable":true,"href":"https:\/\/www.kanoko.se\/index.php\/wp-json\/wp\/v2\/product_tag?post=4970"}],"curies":[{"name":"wp","href":"https:\/\/api.w.org\/{rel}","templated":true}]}}