{"id":459,"date":"2015-05-27T23:14:18","date_gmt":"2015-05-27T21:14:18","guid":{"rendered":"http:\/\/www.kanoko.se\/?post_type=product&#038;p=459"},"modified":"2026-03-09T15:44:24","modified_gmt":"2026-03-09T13:44:24","slug":"kvinnor-ovrigt-2","status":"publish","type":"product","link":"https:\/\/www.kanoko.se\/index.php\/product\/kvinnor-ovrigt-2\/","title":{"rendered":"(17)Nuitori Omeshi"},"content":{"rendered":"<p><strong>Antik &amp; Retro<\/strong><\/p>\n<p><strong>\u00c5lder<\/strong>: Ungef\u00e4r 70~80 \u00e5r.<br \/>\n<strong>Teknik <\/strong>:Nuitori Omeshi-v\u00e4v (ser ut som broderi, f\u00e4rgad innan v\u00e4vning).<\/p>\n<p>v\u00e4vt m\u00f6nster.<\/p>\n<p>Handsydd och fodrad.<br \/>\n<strong>Material<\/strong>: Siden 100%.<br \/>\n<strong>Skick<\/strong>: Begagnad. Mycket bra.<\/p>\n<p><strong>M\u00e5tten<\/strong>: Bild 6<\/p>\n","protected":false},"excerpt":{"rendered":"<p><strong>Priset:<\/strong> inklusive moms inom Sverige.<\/p>\n<p><strong>Fri frakt<\/strong> inom Sverige vid k\u00f6p \u00f6ver \u00a01 500 kr<\/p>\n<p>inom Europa vid k\u00f6p \u00f6ver 2500kr (ca,250 euro).For free shipping please contact us before paying for the items<\/p>\n","protected":false},"featured_media":8033,"comment_status":"closed","ping_status":"closed","template":"","meta":[],"product_brand":[],"product_cat":[109,46],"product_tag":[],"class_list":{"0":"post-459","1":"product","2":"type-product","3":"status-publish","4":"has-post-thumbnail","6":"product_cat-antik-retro","7":"product_cat-ovriga-kimono-kvinnor","8":"has_thumb","10":"first","11":"instock","12":"sold-individually","13":"shipping-taxable","14":"purchasable","15":"product-type-simple"},"_links":{"self":[{"href":"https:\/\/www.kanoko.se\/index.php\/wp-json\/wp\/v2\/product\/459","targetHints":{"allow":["GET"]}}],"collection":[{"href":"https:\/\/www.kanoko.se\/index.php\/wp-json\/wp\/v2\/product"}],"about":[{"href":"https:\/\/www.kanoko.se\/index.php\/wp-json\/wp\/v2\/types\/product"}],"replies":[{"embeddable":true,"href":"https:\/\/www.kanoko.se\/index.php\/wp-json\/wp\/v2\/comments?post=459"}],"wp:featuredmedia":[{"embeddable":true,"href":"https:\/\/www.kanoko.se\/index.php\/wp-json\/wp\/v2\/media\/8033"}],"wp:attachment":[{"href":"https:\/\/www.kanoko.se\/index.php\/wp-json\/wp\/v2\/media?parent=459"}],"wp:term":[{"taxonomy":"product_brand","embeddable":true,"href":"https:\/\/www.kanoko.se\/index.php\/wp-json\/wp\/v2\/product_brand?post=459"},{"taxonomy":"product_cat","embeddable":true,"href":"https:\/\/www.kanoko.se\/index.php\/wp-json\/wp\/v2\/product_cat?post=459"},{"taxonomy":"product_tag","embeddable":true,"href":"https:\/\/www.kanoko.se\/index.php\/wp-json\/wp\/v2\/product_tag?post=459"}],"curies":[{"name":"wp","href":"https:\/\/api.w.org\/{rel}","templated":true}]}}