{"id":4257,"date":"2021-11-09T23:55:24","date_gmt":"2021-11-09T21:55:24","guid":{"rendered":"http:\/\/www.kanoko.se\/?post_type=product&#038;p=4257"},"modified":"2025-12-09T21:45:48","modified_gmt":"2025-12-09T19:45:48","slug":"mans-kimono-och-haori-11","status":"publish","type":"product","link":"https:\/\/www.kanoko.se\/index.php\/product\/mans-kimono-och-haori-11\/","title":{"rendered":"Mans Kimono och Haori (11)"},"content":{"rendered":"<p><strong>\u00c5lder<\/strong>: Ungef\u00e4r 50~60 \u00e5r.<br \/>\n<strong>Teknik<\/strong>:Dro-Oshima Tsumugi-V\u00e4vd,m\u00f6rkbrun<\/p>\n<p>Handsydd och fodrad.<br \/>\n<strong>Material<\/strong>: Siden:Dro-Oshima-tsumugi (mycket h\u00f6g kvalitet,v\u00e4vd,mjuk o tunn)\u00a0Tsumugi silke \u00e4r v\u00e4vt tyg och tillverkat av vild silkefiber.<br \/>\nGl\u00e4nsande sidentyg.<\/p>\n<p><strong>Skick<\/strong>: Begagnad.Bbra.En ljus fl\u00e4cka p\u00e5 sidan (bild 10).<\/p>\n<p><strong>M\u00e5tten<\/strong>: Bild 11 och 12<\/p>\n<p>*De flesta japanska l\u00e5nga kimono f\u00f6r men \u00e4r mycket kortare f\u00f6r de flesta v\u00e4sterl\u00e4ndska m\u00e4n.<br \/>\nS\u00e5 att den kan anv\u00e4ndas som en l\u00e5ng spring coat.<\/p>\n","protected":false},"excerpt":{"rendered":"<div class=\"summary entry-summary\">\n<form class=\"cart\" action=\"http:\/\/www.kanoko.se\/index.php\/product\/mans-kimono-och-haori-09\/\" enctype=\"multipart\/form-data\" method=\"post\"><\/form>\n<p><strong>Priset<\/strong>: inklusive moms inom Sverige.<\/p>\n<p><strong>Fri frakt inom Sverige<\/strong> vid k\u00f6p \u00f6ver \u00a01 500 kr<\/p>\n<p><strong>inom Europa<\/strong> vid k\u00f6p \u00f6ver 2500kr (ca,250 euro).For free shipping please contact us before paying for the items.<\/p>\n<\/div>\n","protected":false},"featured_media":4266,"comment_status":"open","ping_status":"closed","template":"","meta":[],"product_brand":[],"product_cat":[110,33],"product_tag":[],"class_list":{"0":"post-4257","1":"product","2":"type-product","3":"status-publish","4":"has-post-thumbnail","6":"product_cat-haori-langkimono","7":"product_cat-man","8":"has_thumb","10":"first","11":"instock","12":"shipping-taxable","13":"purchasable","14":"product-type-simple"},"_links":{"self":[{"href":"https:\/\/www.kanoko.se\/index.php\/wp-json\/wp\/v2\/product\/4257","targetHints":{"allow":["GET"]}}],"collection":[{"href":"https:\/\/www.kanoko.se\/index.php\/wp-json\/wp\/v2\/product"}],"about":[{"href":"https:\/\/www.kanoko.se\/index.php\/wp-json\/wp\/v2\/types\/product"}],"replies":[{"embeddable":true,"href":"https:\/\/www.kanoko.se\/index.php\/wp-json\/wp\/v2\/comments?post=4257"}],"wp:featuredmedia":[{"embeddable":true,"href":"https:\/\/www.kanoko.se\/index.php\/wp-json\/wp\/v2\/media\/4266"}],"wp:attachment":[{"href":"https:\/\/www.kanoko.se\/index.php\/wp-json\/wp\/v2\/media?parent=4257"}],"wp:term":[{"taxonomy":"product_brand","embeddable":true,"href":"https:\/\/www.kanoko.se\/index.php\/wp-json\/wp\/v2\/product_brand?post=4257"},{"taxonomy":"product_cat","embeddable":true,"href":"https:\/\/www.kanoko.se\/index.php\/wp-json\/wp\/v2\/product_cat?post=4257"},{"taxonomy":"product_tag","embeddable":true,"href":"https:\/\/www.kanoko.se\/index.php\/wp-json\/wp\/v2\/product_tag?post=4257"}],"curies":[{"name":"wp","href":"https:\/\/api.w.org\/{rel}","templated":true}]}}