{"id":4145,"date":"2021-10-31T23:41:16","date_gmt":"2021-10-31T21:41:16","guid":{"rendered":"http:\/\/www.kanoko.se\/?post_type=product&#038;p=4145"},"modified":"2026-04-23T05:48:59","modified_gmt":"2026-04-23T03:48:59","slug":"haori-27","status":"publish","type":"product","link":"https:\/\/www.kanoko.se\/index.php\/product\/haori-27\/","title":{"rendered":"Haori (35)"},"content":{"rendered":"<p><strong>\u00c5lder:<\/strong>\u00a0Ungef\u00e4r 50-60 \u00e5r.<br \/>\n<strong>Teknik:<\/strong>\u00a0V\u00e4vda m\u00f6nster av r\u00f6d,gr\u00f6n,gul,guld och silver tr\u00e5d.<\/p>\n<p>Montsuki \u00e4r en typ av formel kimino med familj vapen.<\/p>\n<p>Handsydd och fodrad.Med handv\u00e4vda sn\u00f6ren i siden<strong>.<\/strong><\/p>\n<p><strong>Material:<\/strong>\u00a0Siden 100%.(Chirimen silk,Cr\u00eape textil med twistade garnet,mjuk o l\u00e4tt)<br \/>\n<strong>Skick:<\/strong>\u00a0Begagnad.Mycket bra f\u00f6r \u00e5ldern.<\/p>\n<p><strong>M\u00e5tten<\/strong>: Bild 8<\/p>\n","protected":false},"excerpt":{"rendered":"<p><strong>Priset:<\/strong> inklusive moms inom Sverige.<\/p>\n<p><strong>Fri frakt<\/strong> inom Sverige vid k\u00f6p \u00f6ver \u00a01 500 kr<\/p>\n<p>inom Europa vid k\u00f6p \u00f6ver 2500kr (ca,250 euro).For free shipping please contact us before paying for the items.<\/p>\n","protected":false},"featured_media":4146,"comment_status":"open","ping_status":"closed","template":"","meta":[],"product_brand":[],"product_cat":[43],"product_tag":[],"class_list":{"0":"post-4145","1":"product","2":"type-product","3":"status-publish","4":"has-post-thumbnail","6":"product_cat-haori","7":"has_thumb","9":"first","10":"instock","11":"shipping-taxable","12":"purchasable","13":"product-type-simple"},"_links":{"self":[{"href":"https:\/\/www.kanoko.se\/index.php\/wp-json\/wp\/v2\/product\/4145","targetHints":{"allow":["GET"]}}],"collection":[{"href":"https:\/\/www.kanoko.se\/index.php\/wp-json\/wp\/v2\/product"}],"about":[{"href":"https:\/\/www.kanoko.se\/index.php\/wp-json\/wp\/v2\/types\/product"}],"replies":[{"embeddable":true,"href":"https:\/\/www.kanoko.se\/index.php\/wp-json\/wp\/v2\/comments?post=4145"}],"wp:featuredmedia":[{"embeddable":true,"href":"https:\/\/www.kanoko.se\/index.php\/wp-json\/wp\/v2\/media\/4146"}],"wp:attachment":[{"href":"https:\/\/www.kanoko.se\/index.php\/wp-json\/wp\/v2\/media?parent=4145"}],"wp:term":[{"taxonomy":"product_brand","embeddable":true,"href":"https:\/\/www.kanoko.se\/index.php\/wp-json\/wp\/v2\/product_brand?post=4145"},{"taxonomy":"product_cat","embeddable":true,"href":"https:\/\/www.kanoko.se\/index.php\/wp-json\/wp\/v2\/product_cat?post=4145"},{"taxonomy":"product_tag","embeddable":true,"href":"https:\/\/www.kanoko.se\/index.php\/wp-json\/wp\/v2\/product_tag?post=4145"}],"curies":[{"name":"wp","href":"https:\/\/api.w.org\/{rel}","templated":true}]}}