{"id":391,"date":"2015-05-27T20:19:52","date_gmt":"2015-05-27T18:19:52","guid":{"rendered":"http:\/\/www.kanoko.se\/?post_type=product&#038;p=391"},"modified":"2026-03-08T09:25:14","modified_gmt":"2026-03-08T07:25:14","slug":"furisode-5","status":"publish","type":"product","link":"https:\/\/www.kanoko.se\/index.php\/product\/furisode-5\/","title":{"rendered":"Furisode (05)"},"content":{"rendered":"<p><strong>Furisode\u00a0<\/strong>(med l\u00e5nga armarna)\u00e4r formella kimonos f\u00f6r kvinnor.<\/p>\n<p><strong>\u00c5lder<\/strong>: Ungef\u00e4r 50 \u00e5r.<br \/>\n<strong>Teknik<\/strong>: F\u00e4rgad. Yuzen; reservagef\u00e4rgning och handm\u00e5lning.<\/p>\n<p>F\u00f6rgyllda anv\u00e4nds.<\/p>\n<p>Klicka \u2013&gt;\u00a0<a href=\"https:\/\/www.youtube.com\/watch?v=MKG13KDqKj8\" target=\"_blank\" rel=\"noopener\">Film om yuzen-tekniken.<\/a><\/p>\n<p>Handsydd och fodrad.<br \/>\n<strong>Material<\/strong> : Siden.(mjuk o l\u00e4tt)<br \/>\n<strong>Skick<\/strong> : Begagnad. Mycket bra, n\u00e5gra sm\u00e5 ljusa fl\u00e4ckar (bild 8) .<\/p>\n<p><strong>M\u00e5tten<\/strong>: Bild\u00a0(bild 9)<\/p>\n<p>*De flesta japanska kvinnas kimono \u00e4r ganska l\u00e5nga f\u00f6r att mitten av kimono vikas in inne i Obi-b\u00e4lte.<\/p>\n","protected":false},"excerpt":{"rendered":"<p><strong>Priset<\/strong>: inklusive moms inom Sverige.<\/p>\n<p><strong>Fri frakt<\/strong> inom Sverige vid k\u00f6p \u00f6ver \u00a01 500 kr<\/p>\n<p><strong>inom Europa<\/strong> vid k\u00f6p \u00f6ver 2500kr (ca,250 euro).For free shipping please contact us before paying for the items.<\/p>\n","protected":false},"featured_media":7974,"comment_status":"closed","ping_status":"closed","template":"","meta":[],"product_brand":[],"product_cat":[39,83],"product_tag":[],"class_list":{"0":"post-391","1":"product","2":"type-product","3":"status-publish","4":"has-post-thumbnail","6":"product_cat-furisode","7":"product_cat-varkollektion","9":"first","10":"instock","11":"sold-individually","12":"shipping-taxable","13":"purchasable","14":"product-type-simple"},"_links":{"self":[{"href":"https:\/\/www.kanoko.se\/index.php\/wp-json\/wp\/v2\/product\/391","targetHints":{"allow":["GET"]}}],"collection":[{"href":"https:\/\/www.kanoko.se\/index.php\/wp-json\/wp\/v2\/product"}],"about":[{"href":"https:\/\/www.kanoko.se\/index.php\/wp-json\/wp\/v2\/types\/product"}],"replies":[{"embeddable":true,"href":"https:\/\/www.kanoko.se\/index.php\/wp-json\/wp\/v2\/comments?post=391"}],"wp:featuredmedia":[{"embeddable":true,"href":"https:\/\/www.kanoko.se\/index.php\/wp-json\/wp\/v2\/media\/7974"}],"wp:attachment":[{"href":"https:\/\/www.kanoko.se\/index.php\/wp-json\/wp\/v2\/media?parent=391"}],"wp:term":[{"taxonomy":"product_brand","embeddable":true,"href":"https:\/\/www.kanoko.se\/index.php\/wp-json\/wp\/v2\/product_brand?post=391"},{"taxonomy":"product_cat","embeddable":true,"href":"https:\/\/www.kanoko.se\/index.php\/wp-json\/wp\/v2\/product_cat?post=391"},{"taxonomy":"product_tag","embeddable":true,"href":"https:\/\/www.kanoko.se\/index.php\/wp-json\/wp\/v2\/product_tag?post=391"}],"curies":[{"name":"wp","href":"https:\/\/api.w.org\/{rel}","templated":true}]}}