{"id":3810,"date":"2021-06-15T17:49:06","date_gmt":"2021-06-15T15:49:06","guid":{"rendered":"http:\/\/www.kanoko.se\/?post_type=product&#038;p=3810"},"modified":"2026-04-22T10:30:40","modified_gmt":"2026-04-22T08:30:40","slug":"mans-haori-16","status":"publish","type":"product","link":"https:\/\/www.kanoko.se\/index.php\/product\/mans-haori-16\/","title":{"rendered":"Mans Haori (16)"},"content":{"rendered":"<p><strong>\u00c5lder<\/strong>: Ungef\u00e4r 70 \u00e5r.<br \/>\n<strong>Teknik<\/strong>:Oshima Tsumugi-V\u00e4vd,m\u00f6rkbrun,gr\u00e5aktig<\/p>\n<p>Handsydd och fodrad.<br \/>\n<strong>Material<\/strong>: Siden:tsumugi (v\u00e4vd siden, l\u00e4tt)\u00a0Tsumugi silke \u00e4r v\u00e4vt tyg och tillverkat av vild silkefiber.<\/p>\n<p><strong>Skick<\/strong>: Begagnad.Mycket bra.<\/p>\n<p><strong>M\u00e5tten<\/strong>: Bild 8<\/p>\n","protected":false},"excerpt":{"rendered":"<p><strong>Priset:<\/strong> inklusive moms inom Sverige.<\/p>\n<p><strong>Fri frakt<\/strong> inom Sverige vid k\u00f6p \u00f6ver \u00a01 500 kr<\/p>\n<p><strong>inom Europa<\/strong> vid k\u00f6p \u00f6ver 2500kr (ca,250 euro).For free shipping please contact us before paying for the items.<\/p>\n","protected":false},"featured_media":3811,"comment_status":"open","ping_status":"closed","template":"","meta":[],"product_brand":[],"product_cat":[47],"product_tag":[],"class_list":{"0":"post-3810","1":"product","2":"type-product","3":"status-publish","4":"has-post-thumbnail","6":"product_cat-haori-man","7":"has_thumb","9":"first","10":"instock","11":"shipping-taxable","12":"purchasable","13":"product-type-simple"},"_links":{"self":[{"href":"https:\/\/www.kanoko.se\/index.php\/wp-json\/wp\/v2\/product\/3810","targetHints":{"allow":["GET"]}}],"collection":[{"href":"https:\/\/www.kanoko.se\/index.php\/wp-json\/wp\/v2\/product"}],"about":[{"href":"https:\/\/www.kanoko.se\/index.php\/wp-json\/wp\/v2\/types\/product"}],"replies":[{"embeddable":true,"href":"https:\/\/www.kanoko.se\/index.php\/wp-json\/wp\/v2\/comments?post=3810"}],"wp:featuredmedia":[{"embeddable":true,"href":"https:\/\/www.kanoko.se\/index.php\/wp-json\/wp\/v2\/media\/3811"}],"wp:attachment":[{"href":"https:\/\/www.kanoko.se\/index.php\/wp-json\/wp\/v2\/media?parent=3810"}],"wp:term":[{"taxonomy":"product_brand","embeddable":true,"href":"https:\/\/www.kanoko.se\/index.php\/wp-json\/wp\/v2\/product_brand?post=3810"},{"taxonomy":"product_cat","embeddable":true,"href":"https:\/\/www.kanoko.se\/index.php\/wp-json\/wp\/v2\/product_cat?post=3810"},{"taxonomy":"product_tag","embeddable":true,"href":"https:\/\/www.kanoko.se\/index.php\/wp-json\/wp\/v2\/product_tag?post=3810"}],"curies":[{"name":"wp","href":"https:\/\/api.w.org\/{rel}","templated":true}]}}