{"id":3615,"date":"2021-05-07T20:41:39","date_gmt":"2021-05-07T18:41:39","guid":{"rendered":"http:\/\/www.kanoko.se\/?post_type=product&#038;p=3615"},"modified":"2025-07-09T11:47:35","modified_gmt":"2025-07-09T09:47:35","slug":"blommig-kimono-05","status":"publish","type":"product","link":"https:\/\/www.kanoko.se\/index.php\/product\/blommig-kimono-05\/","title":{"rendered":"Komon (42)Blommig"},"content":{"rendered":"<p><strong>Komon<\/strong><\/p>\n<p><strong>\u00c5lder<\/strong>: Ungef\u00e4r 40 \u00e5r<br \/>\n<strong>Teknik:<\/strong>\u00a0Yuzen;\u00a0<span class=\"st\">reservagef\u00e4rgning, handm\u00e5lning och delvis f\u00f6rgyllt.\u00a0\u00a0 Klicka \u2013&gt;\u00a0<a href=\"https:\/\/www.youtube.com\/watch?v=MKG13KDqKj8\" target=\"_blank\" rel=\"noopener\">Film om yuzen-tekniken<\/a>.<\/span><\/p>\n<p>Handsydd och fodrad.<\/p>\n<p><strong>Material :<\/strong>\u00a0\u00a0Siden 100%.(h\u00f6g kvalitet,mjukt o lent)<br \/>\n<strong>Skick:<\/strong>\u00a0Begagnad ,Mycket bra som n\u00e4stan oanv\u00e4nt.<\/p>\n<p><strong>M\u00e5tten<\/strong>: Bild 7<\/p>\n<p>*De flesta japanska kvinnas kimono \u00e4r ganska l\u00e5nga f\u00f6r att mitten av kimono vikas in inne i Obi-b\u00e4lte.<\/p>\n","protected":false},"excerpt":{"rendered":"<p>Priset: inklusive moms inom Sverige.<\/p>\n<p>Fri frakt inom Sverige vid k\u00f6p \u00f6ver \u00a01 500 kr<\/p>\n<p>inom Europa vid k\u00f6p \u00f6ver 2500kr (ca,250 euro).For free shipping please contact us before paying for the items.<\/p>\n","protected":false},"featured_media":3616,"comment_status":"open","ping_status":"closed","template":"","meta":[],"product_brand":[],"product_cat":[106,104],"product_tag":[],"class_list":{"0":"post-3615","1":"product","2":"type-product","3":"status-publish","4":"has-post-thumbnail","6":"product_cat-blommig","7":"product_cat-komon","8":"has_thumb","10":"first","11":"instock","12":"shipping-taxable","13":"purchasable","14":"product-type-simple"},"_links":{"self":[{"href":"https:\/\/www.kanoko.se\/index.php\/wp-json\/wp\/v2\/product\/3615","targetHints":{"allow":["GET"]}}],"collection":[{"href":"https:\/\/www.kanoko.se\/index.php\/wp-json\/wp\/v2\/product"}],"about":[{"href":"https:\/\/www.kanoko.se\/index.php\/wp-json\/wp\/v2\/types\/product"}],"replies":[{"embeddable":true,"href":"https:\/\/www.kanoko.se\/index.php\/wp-json\/wp\/v2\/comments?post=3615"}],"wp:featuredmedia":[{"embeddable":true,"href":"https:\/\/www.kanoko.se\/index.php\/wp-json\/wp\/v2\/media\/3616"}],"wp:attachment":[{"href":"https:\/\/www.kanoko.se\/index.php\/wp-json\/wp\/v2\/media?parent=3615"}],"wp:term":[{"taxonomy":"product_brand","embeddable":true,"href":"https:\/\/www.kanoko.se\/index.php\/wp-json\/wp\/v2\/product_brand?post=3615"},{"taxonomy":"product_cat","embeddable":true,"href":"https:\/\/www.kanoko.se\/index.php\/wp-json\/wp\/v2\/product_cat?post=3615"},{"taxonomy":"product_tag","embeddable":true,"href":"https:\/\/www.kanoko.se\/index.php\/wp-json\/wp\/v2\/product_tag?post=3615"}],"curies":[{"name":"wp","href":"https:\/\/api.w.org\/{rel}","templated":true}]}}