{"id":3597,"date":"2021-05-07T19:40:21","date_gmt":"2021-05-07T17:40:21","guid":{"rendered":"http:\/\/www.kanoko.se\/?post_type=product&#038;p=3597"},"modified":"2026-03-06T22:42:04","modified_gmt":"2026-03-06T20:42:04","slug":"blommig-kimono-02","status":"publish","type":"product","link":"https:\/\/www.kanoko.se\/index.php\/product\/blommig-kimono-02\/","title":{"rendered":"Tsukesage (32) Blommig"},"content":{"rendered":"<p><strong>Tsukesage \u00e4r formella kimonos f\u00f6r kvinnor. <\/strong><\/p>\n<p><strong>\u00c5lder<\/strong>: Ungef\u00e4r 40 \u00e5r<br \/>\n<strong>Teknik:<\/strong>\u00a0Yuzen;\u00a0<span class=\"st\">reservagef\u00e4rgning, handm\u00e5lning och delvis f\u00f6rgyllt.\u00a0\u00a0 Klicka \u2013&gt;\u00a0<a href=\"https:\/\/www.youtube.com\/watch?v=MKG13KDqKj8\" target=\"_blank\" rel=\"noopener\">Film om yuzen-tekniken<\/a>.<\/span><\/p>\n<p>Handsydd och fodrad.<\/p>\n<p><strong>Material :<\/strong>\u00a0\u00a0Siden 100%.(h\u00f6g kvalitet,mjukt o lent)<br \/>\n<strong>Skick:<\/strong>\u00a0Begagnad ,Mycket bra som n\u00e4stan oanv\u00e4nt.<\/p>\n<p><strong>M\u00e5tten<\/strong>: Bild 7<\/p>\n<p>*De flesta japanska kvinnas kimono \u00e4r ganska l\u00e5nga f\u00f6r att mitten av kimono vikas in inne i Obi-b\u00e4lte.<\/p>\n","protected":false},"excerpt":{"rendered":"<p><strong>Priset<\/strong>: inklusive moms inom Sverige.<\/p>\n<p><strong>Fri frakt<\/strong> inom Sverige vid k\u00f6p \u00f6ver \u00a01 500 kr<\/p>\n<p><strong>inom Europa<\/strong> vid k\u00f6p \u00f6ver 2500kr (ca,250 euro).For free shipping please contact us before paying for the items.<\/p>\n","protected":false},"featured_media":3598,"comment_status":"open","ping_status":"closed","template":"","meta":[],"product_brand":[],"product_cat":[42],"product_tag":[],"class_list":{"0":"post-3597","1":"product","2":"type-product","3":"status-publish","4":"has-post-thumbnail","6":"product_cat-tsukesage","7":"has_thumb","9":"first","10":"instock","11":"shipping-taxable","12":"purchasable","13":"product-type-simple"},"_links":{"self":[{"href":"https:\/\/www.kanoko.se\/index.php\/wp-json\/wp\/v2\/product\/3597","targetHints":{"allow":["GET"]}}],"collection":[{"href":"https:\/\/www.kanoko.se\/index.php\/wp-json\/wp\/v2\/product"}],"about":[{"href":"https:\/\/www.kanoko.se\/index.php\/wp-json\/wp\/v2\/types\/product"}],"replies":[{"embeddable":true,"href":"https:\/\/www.kanoko.se\/index.php\/wp-json\/wp\/v2\/comments?post=3597"}],"wp:featuredmedia":[{"embeddable":true,"href":"https:\/\/www.kanoko.se\/index.php\/wp-json\/wp\/v2\/media\/3598"}],"wp:attachment":[{"href":"https:\/\/www.kanoko.se\/index.php\/wp-json\/wp\/v2\/media?parent=3597"}],"wp:term":[{"taxonomy":"product_brand","embeddable":true,"href":"https:\/\/www.kanoko.se\/index.php\/wp-json\/wp\/v2\/product_brand?post=3597"},{"taxonomy":"product_cat","embeddable":true,"href":"https:\/\/www.kanoko.se\/index.php\/wp-json\/wp\/v2\/product_cat?post=3597"},{"taxonomy":"product_tag","embeddable":true,"href":"https:\/\/www.kanoko.se\/index.php\/wp-json\/wp\/v2\/product_tag?post=3597"}],"curies":[{"name":"wp","href":"https:\/\/api.w.org\/{rel}","templated":true}]}}