{"id":3545,"date":"2021-04-24T19:27:51","date_gmt":"2021-04-24T17:27:51","guid":{"rendered":"http:\/\/www.kanoko.se\/?post_type=product&#038;p=3545"},"modified":"2025-11-30T00:34:33","modified_gmt":"2025-11-29T22:34:33","slug":"ovrigt-05-2","status":"publish","type":"product","link":"https:\/\/www.kanoko.se\/index.php\/product\/ovrigt-05-2\/","title":{"rendered":"(24)R\u00f6d gr\u00f6n gul Shibori"},"content":{"rendered":"<p><strong>\u00c5lder:<\/strong>\u00a0Ungef\u00e4r 60-70 \u00e5r.antik<br \/>\n<strong>Teknik:<\/strong>\u00a0Shibori; en batikf\u00e4rgningsteknik.Hela tyget skapas med hj\u00e4lp av sn\u00f6ren och vikningar som pressar ihop tyget under f\u00e4rgbadet.<\/p>\n<p>Handsydd och fodrad.<\/p>\n<p><strong>Material:<\/strong> Siden 100%.(mjuk,tunn)<br \/>\n<strong>Skick:<\/strong>\u00a0Begagnad.Mycket bra f\u00f6r \u00e5ldern,I ryggen finns det en ljus fl\u00e4cka som syns inte s\u00e5 mycket.(bild 9)<\/p>\n<p><strong>M\u00e5tten<\/strong>: Bild 10<\/p>\n<p>*De flesta japanska kvinnas kimono \u00e4r ganska l\u00e5nga f\u00f6r att mitten av kimono vikas in inne i Obi-b\u00e4lte.<\/p>\n","protected":false},"excerpt":{"rendered":"<p>Priset: inklusive moms inom Sverige.<\/p>\n<p>Fri frakt inom Sverige vid k\u00f6p \u00f6ver \u00a01 500 kr<\/p>\n<p>inom Europa vid k\u00f6p \u00f6ver 2500kr (ca,250 euro).For free shipping please contact us before paying for the items<\/p>\n","protected":false},"featured_media":8079,"comment_status":"open","ping_status":"closed","template":"","meta":[],"product_brand":[],"product_cat":[46],"product_tag":[],"class_list":{"0":"post-3545","1":"product","2":"type-product","3":"status-publish","4":"has-post-thumbnail","6":"product_cat-ovriga-kimono-kvinnor","7":"has_thumb","9":"first","10":"instock","11":"shipping-taxable","12":"purchasable","13":"product-type-simple"},"_links":{"self":[{"href":"https:\/\/www.kanoko.se\/index.php\/wp-json\/wp\/v2\/product\/3545","targetHints":{"allow":["GET"]}}],"collection":[{"href":"https:\/\/www.kanoko.se\/index.php\/wp-json\/wp\/v2\/product"}],"about":[{"href":"https:\/\/www.kanoko.se\/index.php\/wp-json\/wp\/v2\/types\/product"}],"replies":[{"embeddable":true,"href":"https:\/\/www.kanoko.se\/index.php\/wp-json\/wp\/v2\/comments?post=3545"}],"wp:featuredmedia":[{"embeddable":true,"href":"https:\/\/www.kanoko.se\/index.php\/wp-json\/wp\/v2\/media\/8079"}],"wp:attachment":[{"href":"https:\/\/www.kanoko.se\/index.php\/wp-json\/wp\/v2\/media?parent=3545"}],"wp:term":[{"taxonomy":"product_brand","embeddable":true,"href":"https:\/\/www.kanoko.se\/index.php\/wp-json\/wp\/v2\/product_brand?post=3545"},{"taxonomy":"product_cat","embeddable":true,"href":"https:\/\/www.kanoko.se\/index.php\/wp-json\/wp\/v2\/product_cat?post=3545"},{"taxonomy":"product_tag","embeddable":true,"href":"https:\/\/www.kanoko.se\/index.php\/wp-json\/wp\/v2\/product_tag?post=3545"}],"curies":[{"name":"wp","href":"https:\/\/api.w.org\/{rel}","templated":true}]}}