{"id":3403,"date":"2021-03-27T23:27:05","date_gmt":"2021-03-27T21:27:05","guid":{"rendered":"http:\/\/www.kanoko.se\/?post_type=product&#038;p=3403"},"modified":"2026-03-09T14:27:50","modified_gmt":"2026-03-09T12:27:50","slug":"tomesode-05-3","status":"publish","type":"product","link":"https:\/\/www.kanoko.se\/index.php\/product\/tomesode-05-3\/","title":{"rendered":"Tomesode (05)"},"content":{"rendered":"<p><strong>Tomesode :<\/strong><strong>En\u00a0formell dr\u00e4kt som anv\u00e4nds endast f\u00f6r formella tillst\u00e4llningar.H\u00e4r finns ofta familjen vapen p\u00e5 kimonon.<\/strong><\/p>\n<p><strong>\u00c5lder:<\/strong>\u00a0Ungef\u00e4r 80~90 \u00e5r,antik.<br \/>\n<strong>Teknik:<\/strong>F\u00e4rgad. Yuzen; reservagef\u00e4rgning och handm\u00e5lning.<\/p>\n<p>Klicka \u2013&gt;\u00a0<a href=\"https:\/\/www.youtube.com\/watch?v=MKG13KDqKj8\" target=\"_blank\" rel=\"noopener\">Film om yuzen-tekniken.<\/a><br \/>\nHandsydd och fodrad.<\/p>\n<p><strong>Material :<\/strong>\u00a0\u00a0Siden 100%.(tunn,mjuk)<br \/>\n<strong>Skick:<\/strong>\u00a0Begagnad. lite gulnat i m\u00f6nster (bild 5,6) och\u00a0innetyget blir gulnat av sina \u00e5lder.(bild 3)<\/p>\n<p><strong>M\u00e5tten<\/strong>: Bild 11<\/p>\n<p>*De flesta japanska kvinnas kimono \u00e4r ganska l\u00e5nga f\u00f6r att mitten av kimono vikas in inne i Obi-b\u00e4lte<\/p>\n","protected":false},"excerpt":{"rendered":"<p><strong>Priset:<\/strong>\u00a0inklusive moms inom Sverige.<\/p>\n<p>Fri frakt inom Sverige vid k\u00f6p \u00f6ver \u00a01 500 kr<\/p>\n<p>inom Europa vid k\u00f6p \u00f6ver 2500kr (ca,250 euro).For free shipping please contact us before paying for the items.<\/p>\n","protected":false},"featured_media":3404,"comment_status":"open","ping_status":"closed","template":"","meta":[],"product_brand":[],"product_cat":[40],"product_tag":[],"class_list":{"0":"post-3403","1":"product","2":"type-product","3":"status-publish","4":"has-post-thumbnail","6":"product_cat-tomesode","7":"has_thumb","9":"first","10":"instock","11":"shipping-taxable","12":"purchasable","13":"product-type-simple"},"_links":{"self":[{"href":"https:\/\/www.kanoko.se\/index.php\/wp-json\/wp\/v2\/product\/3403","targetHints":{"allow":["GET"]}}],"collection":[{"href":"https:\/\/www.kanoko.se\/index.php\/wp-json\/wp\/v2\/product"}],"about":[{"href":"https:\/\/www.kanoko.se\/index.php\/wp-json\/wp\/v2\/types\/product"}],"replies":[{"embeddable":true,"href":"https:\/\/www.kanoko.se\/index.php\/wp-json\/wp\/v2\/comments?post=3403"}],"wp:featuredmedia":[{"embeddable":true,"href":"https:\/\/www.kanoko.se\/index.php\/wp-json\/wp\/v2\/media\/3404"}],"wp:attachment":[{"href":"https:\/\/www.kanoko.se\/index.php\/wp-json\/wp\/v2\/media?parent=3403"}],"wp:term":[{"taxonomy":"product_brand","embeddable":true,"href":"https:\/\/www.kanoko.se\/index.php\/wp-json\/wp\/v2\/product_brand?post=3403"},{"taxonomy":"product_cat","embeddable":true,"href":"https:\/\/www.kanoko.se\/index.php\/wp-json\/wp\/v2\/product_cat?post=3403"},{"taxonomy":"product_tag","embeddable":true,"href":"https:\/\/www.kanoko.se\/index.php\/wp-json\/wp\/v2\/product_tag?post=3403"}],"curies":[{"name":"wp","href":"https:\/\/api.w.org\/{rel}","templated":true}]}}