{"id":2909,"date":"2020-10-26T18:06:46","date_gmt":"2020-10-26T16:06:46","guid":{"rendered":"http:\/\/www.kanoko.se\/?post_type=product&#038;p=2909"},"modified":"2024-02-08T00:34:21","modified_gmt":"2024-02-07T22:34:21","slug":"furisode-08","status":"publish","type":"product","link":"https:\/\/www.kanoko.se\/index.php\/product\/furisode-08\/","title":{"rendered":"Furisode (08)"},"content":{"rendered":"<p><strong>Furisode <\/strong>(med l\u00e5nga armarna)\u00e4r formella kimonos f\u00f6r kvinnor.<\/p>\n<p><strong>\u00c5lder<\/strong>: Ungef\u00e4r 50 \u00e5r.<br \/>\n<strong>Teknik<\/strong>: F\u00e4rgad. Yuzen; reservagef\u00e4rgning och handm\u00e5lning.<\/p>\n<p>F\u00f6rgyllda anv\u00e4nds.M\u00f6nster:Origami tranor.<\/p>\n<p>Klicka \u2013&gt;\u00a0<a href=\"https:\/\/www.youtube.com\/watch?v=MKG13KDqKj8\" target=\"_blank\" rel=\"noopener\">Film om yuzen-tekniken.<\/a><\/p>\n<p>Handsydd och fodrad.<\/p>\n<p>Vissa delar av m\u00f6nster \u00e4r Shibori,Shibori,en japanska bind-batikf\u00e4rgning anv\u00e4nds.<br \/>\n<strong>Material<\/strong>\u00a0: Siden 100%(mjuk,l\u00e4tt)<br \/>\n<strong>Skick<\/strong>\u00a0: Begagnad. Mycket bra,det finns en ljusgr\u00e5 fl\u00e4cka i ryggen och n\u00e5gra sm\u00e5 prickar i m\u00f6nstret.\u00a0(Bild 14, 15).<\/p>\n<p><strong>M\u00e5tten<\/strong>: Bild 16<\/p>\n","protected":false},"excerpt":{"rendered":"<p>Priset: inklusive moms inom Sverige.<\/p>\n<p>Fri frakt inom Sverige vid k\u00f6p \u00f6ver \u00a01 000 kr<\/p>\n<p>Fri frakt inom Europa vid k\u00f6p \u00f6ver 2000kr (ca,200 euro).<\/p>\n","protected":false},"featured_media":8072,"comment_status":"open","ping_status":"closed","template":"","meta":[],"product_brand":[],"product_cat":[39],"product_tag":[],"class_list":{"0":"post-2909","1":"product","2":"type-product","3":"status-publish","4":"has-post-thumbnail","6":"product_cat-furisode","8":"first","9":"instock","10":"shipping-taxable","11":"purchasable","12":"product-type-simple"},"_links":{"self":[{"href":"https:\/\/www.kanoko.se\/index.php\/wp-json\/wp\/v2\/product\/2909","targetHints":{"allow":["GET"]}}],"collection":[{"href":"https:\/\/www.kanoko.se\/index.php\/wp-json\/wp\/v2\/product"}],"about":[{"href":"https:\/\/www.kanoko.se\/index.php\/wp-json\/wp\/v2\/types\/product"}],"replies":[{"embeddable":true,"href":"https:\/\/www.kanoko.se\/index.php\/wp-json\/wp\/v2\/comments?post=2909"}],"wp:featuredmedia":[{"embeddable":true,"href":"https:\/\/www.kanoko.se\/index.php\/wp-json\/wp\/v2\/media\/8072"}],"wp:attachment":[{"href":"https:\/\/www.kanoko.se\/index.php\/wp-json\/wp\/v2\/media?parent=2909"}],"wp:term":[{"taxonomy":"product_brand","embeddable":true,"href":"https:\/\/www.kanoko.se\/index.php\/wp-json\/wp\/v2\/product_brand?post=2909"},{"taxonomy":"product_cat","embeddable":true,"href":"https:\/\/www.kanoko.se\/index.php\/wp-json\/wp\/v2\/product_cat?post=2909"},{"taxonomy":"product_tag","embeddable":true,"href":"https:\/\/www.kanoko.se\/index.php\/wp-json\/wp\/v2\/product_tag?post=2909"}],"curies":[{"name":"wp","href":"https:\/\/api.w.org\/{rel}","templated":true}]}}