{"id":1470,"date":"2019-01-21T16:40:46","date_gmt":"2019-01-21T14:40:46","guid":{"rendered":"http:\/\/www.kanoko.se\/?post_type=product&#038;p=1470"},"modified":"2026-03-07T13:52:30","modified_gmt":"2026-03-07T11:52:30","slug":"ovrigt-09","status":"publish","type":"product","link":"https:\/\/www.kanoko.se\/index.php\/product\/ovrigt-09\/","title":{"rendered":"Komon (48)"},"content":{"rendered":"<p><strong>\u00c5lder:<\/strong>\u00a0Ungef\u00e4r 40~50 \u00e5r.<\/p>\n<p><strong>Teknik:<\/strong>\u00a0Shibori,en japanska batikf\u00e4rgning anv\u00e4nds.<\/p>\n<p>Hela kimono skapas av Shibori tyget som med hj\u00e4lp av sn\u00f6ren och vikningar som pressar ihop tyget under f\u00e4rgbadet.<\/p>\n<p>Handsydd och fodrad.<\/p>\n<p><strong>Material :<\/strong>\u00a0\u00a0Siden 100%.<br \/>\n<strong>Skick<\/strong>: Begagnad. Mycket bra.<\/p>\n<p><strong>M\u00e5tten<\/strong>: Bild 7<\/p>\n<p>*De flesta japanska kvinnas kimono \u00e4r ganska l\u00e5nga f\u00f6r att mitten av kimono vikas in inne i Obi-b\u00e4lte.<\/p>\n","protected":false},"excerpt":{"rendered":"<p>Priset: inklusive moms inom Sverige.<\/p>\n<p>Fri frakt inom Sverige vid k\u00f6p \u00f6ver \u00a01 500 kr<\/p>\n<p>inom Europa vid k\u00f6p \u00f6ver 2500kr (ca,250 euro).For free shipping please contact us before paying for the items.<\/p>\n","protected":false},"featured_media":6677,"comment_status":"open","ping_status":"closed","template":"","meta":[],"product_brand":[],"product_cat":[104],"product_tag":[],"class_list":{"0":"post-1470","1":"product","2":"type-product","3":"status-publish","4":"has-post-thumbnail","6":"product_cat-komon","7":"has_thumb","9":"first","10":"instock","11":"shipping-taxable","12":"purchasable","13":"product-type-simple"},"_links":{"self":[{"href":"https:\/\/www.kanoko.se\/index.php\/wp-json\/wp\/v2\/product\/1470","targetHints":{"allow":["GET"]}}],"collection":[{"href":"https:\/\/www.kanoko.se\/index.php\/wp-json\/wp\/v2\/product"}],"about":[{"href":"https:\/\/www.kanoko.se\/index.php\/wp-json\/wp\/v2\/types\/product"}],"replies":[{"embeddable":true,"href":"https:\/\/www.kanoko.se\/index.php\/wp-json\/wp\/v2\/comments?post=1470"}],"wp:featuredmedia":[{"embeddable":true,"href":"https:\/\/www.kanoko.se\/index.php\/wp-json\/wp\/v2\/media\/6677"}],"wp:attachment":[{"href":"https:\/\/www.kanoko.se\/index.php\/wp-json\/wp\/v2\/media?parent=1470"}],"wp:term":[{"taxonomy":"product_brand","embeddable":true,"href":"https:\/\/www.kanoko.se\/index.php\/wp-json\/wp\/v2\/product_brand?post=1470"},{"taxonomy":"product_cat","embeddable":true,"href":"https:\/\/www.kanoko.se\/index.php\/wp-json\/wp\/v2\/product_cat?post=1470"},{"taxonomy":"product_tag","embeddable":true,"href":"https:\/\/www.kanoko.se\/index.php\/wp-json\/wp\/v2\/product_tag?post=1470"}],"curies":[{"name":"wp","href":"https:\/\/api.w.org\/{rel}","templated":true}]}}