{"id":11402,"date":"2026-04-24T17:27:51","date_gmt":"2026-04-24T15:27:51","guid":{"rendered":"https:\/\/www.kanoko.se\/?post_type=product&#038;p=11402"},"modified":"2026-04-24T17:27:52","modified_gmt":"2026-04-24T15:27:52","slug":"mans-haori-22","status":"publish","type":"product","link":"https:\/\/www.kanoko.se\/index.php\/product\/mans-haori-22\/","title":{"rendered":"Mans Haori (22)"},"content":{"rendered":"<p>Tre familjervapen Montsuki haori-jacka.<\/p>\n<p><strong>Montsuki<\/strong>\u00a0\u00e4r en typ av formel kimino med familjevapen.(bild 9)<\/p>\n<p><strong>\u00c5lder<\/strong>: Ungef\u00e4r 60 \u00e5r.<br \/>\n<strong>Teknik<\/strong>:V\u00e4vd,M\u00f6rkbrunaktig<\/p>\n<p>Handsydd och fodrad.<\/p>\n<p><strong>Material<\/strong>: Siden 100%. (mjuk,l\u00e4tt)<\/p>\n<p><strong>Skick<\/strong>: Begagnad.Mycket bra.N\u00e5gra missf\u00e4rgningar p\u00e5 \u00e4rmen (bild 11)\u00a0och fr\u00e4mre(bild 12)\u00a0.<\/p>\n<p><strong>M\u00e5tten<\/strong>: Bild 13<\/p>\n","protected":false},"excerpt":{"rendered":"<p><strong>Priset:<\/strong> inklusive moms inom Sverige.<\/p>\n<p><strong>Fri frakt<\/strong> inom Sverige vid k\u00f6p \u00f6ver \u00a01 500 kr<\/p>\n<p><strong>inom Europa<\/strong> vid k\u00f6p \u00f6ver 2500kr (ca,250 euro).For free shipping please contact us before paying for the items.<\/p>\n","protected":false},"featured_media":11406,"comment_status":"open","ping_status":"closed","template":"","meta":[],"product_brand":[],"product_cat":[47],"product_tag":[],"class_list":{"0":"post-11402","1":"product","2":"type-product","3":"status-publish","4":"has-post-thumbnail","6":"product_cat-haori-man","8":"first","9":"instock","10":"shipping-taxable","11":"purchasable","12":"product-type-simple"},"_links":{"self":[{"href":"https:\/\/www.kanoko.se\/index.php\/wp-json\/wp\/v2\/product\/11402","targetHints":{"allow":["GET"]}}],"collection":[{"href":"https:\/\/www.kanoko.se\/index.php\/wp-json\/wp\/v2\/product"}],"about":[{"href":"https:\/\/www.kanoko.se\/index.php\/wp-json\/wp\/v2\/types\/product"}],"replies":[{"embeddable":true,"href":"https:\/\/www.kanoko.se\/index.php\/wp-json\/wp\/v2\/comments?post=11402"}],"wp:featuredmedia":[{"embeddable":true,"href":"https:\/\/www.kanoko.se\/index.php\/wp-json\/wp\/v2\/media\/11406"}],"wp:attachment":[{"href":"https:\/\/www.kanoko.se\/index.php\/wp-json\/wp\/v2\/media?parent=11402"}],"wp:term":[{"taxonomy":"product_brand","embeddable":true,"href":"https:\/\/www.kanoko.se\/index.php\/wp-json\/wp\/v2\/product_brand?post=11402"},{"taxonomy":"product_cat","embeddable":true,"href":"https:\/\/www.kanoko.se\/index.php\/wp-json\/wp\/v2\/product_cat?post=11402"},{"taxonomy":"product_tag","embeddable":true,"href":"https:\/\/www.kanoko.se\/index.php\/wp-json\/wp\/v2\/product_tag?post=11402"}],"curies":[{"name":"wp","href":"https:\/\/api.w.org\/{rel}","templated":true}]}}